{"id":976,"date":"2024-08-20T18:49:50","date_gmt":"2024-08-20T16:49:50","guid":{"rendered":"https:\/\/new.naturalcapitalfactory.es\/?page_id=976"},"modified":"2024-08-29T17:29:53","modified_gmt":"2024-08-29T15:29:53","slug":"sbn-y-sector-publico","status":"publish","type":"page","link":"https:\/\/naturalcapitalfactory.es\/en\/sbn-y-sector-publico\/","title":{"rendered":"NBS and Public Sector"},"content":{"rendered":"<div data-elementor-type=\"wp-page\" data-elementor-id=\"976\" class=\"elementor elementor-976\" data-elementor-post-type=\"page\">\n\t\t\t\t<div class=\"elementor-element elementor-element-0debabf e-flex e-con-boxed e-con e-parent\" data-id=\"0debabf\" data-element_type=\"container\" data-e-type=\"container\" data-settings=\"{&quot;background_background&quot;:&quot;classic&quot;}\">\n\t\t\t\t\t<div class=\"e-con-inner\">\n\t\t<div class=\"elementor-element elementor-element-f36a380 e-con-full e-flex e-con e-child\" data-id=\"f36a380\" data-element_type=\"container\" data-e-type=\"container\">\n\t\t\t\t<div class=\"elementor-element elementor-element-7d75262 elementor-view-default elementor-widget elementor-widget-icon\" data-id=\"7d75262\" data-element_type=\"widget\" data-e-type=\"widget\" data-widget_type=\"icon.default\">\n\t\t\t\t<div class=\"elementor-widget-container\">\n\t\t\t\t\t\t\t<div class=\"elementor-icon-wrapper\">\n\t\t\t<div class=\"elementor-icon\">\n\t\t\t<svg xmlns=\"http:\/\/www.w3.org\/2000\/svg\" id=\"Capa_1\" data-name=\"Capa 1\" viewbox=\"0 0 130 130\"><path d=\"M65.69,66.33c13.97,0,25.33-11.36,25.33-25.33s-11.37-25.33-25.33-25.33-25.33,11.36-25.33,25.33,11.37,25.33,25.33,25.33ZM65.69,18.67c12.32,0,22.33,10.02,22.33,22.33s-10.02,22.33-22.33,22.33-22.33-10.02-22.33-22.33,10.02-22.33,22.33-22.33Z\" fill=\"#07b9ee\" stroke-width=\"0\"><\/path><path d=\"M65,66.56c-23,0-41.71,20.76-41.71,46.27v1.5h83.41v-1.5c0-25.52-18.71-46.27-41.71-46.27ZM26.32,111.33c.71-23.17,17.79-41.77,38.68-41.77s37.97,18.6,38.68,41.77H26.32Z\" fill=\"#07b9ee\" stroke-width=\"0\"><\/path><\/svg>\t\t\t<\/div>\n\t\t<\/div>\n\t\t\t\t\t\t<\/div>\n\t\t\t\t<\/div>\n\t\t\t\t<div class=\"elementor-element elementor-element-f130c6f elementor-widget elementor-widget-heading\" data-id=\"f130c6f\" data-element_type=\"widget\" data-e-type=\"widget\" data-widget_type=\"heading.default\">\n\t\t\t\t<div class=\"elementor-widget-container\">\n\t\t\t\t\t<h1 class=\"elementor-heading-title elementor-size-default\">NBS and Public Sector<\/h1>\t\t\t\t<\/div>\n\t\t\t\t<\/div>\n\t\t\t\t<\/div>\n\t\t\t\t\t<\/div>\n\t\t\t\t<\/div>\n\t\t<div class=\"elementor-element elementor-element-cfc8054 e-flex e-con-boxed e-con e-parent\" data-id=\"cfc8054\" data-element_type=\"container\" data-e-type=\"container\" data-settings=\"{&quot;background_background&quot;:&quot;classic&quot;}\" data-midnight=\"beige\">\n\t\t\t\t\t<div class=\"e-con-inner\">\n\t\t<div class=\"elementor-element elementor-element-e09c146 e-con-full e-flex e-con e-child\" data-id=\"e09c146\" data-element_type=\"container\" data-e-type=\"container\">\n\t\t\t\t<div class=\"elementor-element elementor-element-fb54d5c elementor-widget elementor-widget-text-editor\" data-id=\"fb54d5c\" data-element_type=\"widget\" data-e-type=\"widget\" data-widget_type=\"text-editor.default\">\n\t\t\t\t<div class=\"elementor-widget-container\">\n\t\t\t\t\t\t\t\t\t<p>As part of the Interreg INDNATUR project, funded by the Interreg POCTEP program, the <strong>Public Administration Cooperation Forum for the Implementation of Nature-Based Solutions<\/strong> (<a href=\"https:\/\/focapsbn.naturalcapitalfactory.es\/\" target=\"_blank\" rel=\"noopener noreferrer nofollow\">FOCAPSBN<\/a>) aims to connect public officials in the Iberian Peninsula directly involved in urban land management with their peers and with a vast knowledge base of successful and sustainable practical experiences in implementing nature-based solutions (NBS).<\/p>\t\t\t\t\t\t\t\t<\/div>\n\t\t\t\t<\/div>\n\t\t\t\t<\/div>\n\t\t<div class=\"elementor-element elementor-element-6bbb48d e-con-full e-flex e-con e-child\" data-id=\"6bbb48d\" data-element_type=\"container\" data-e-type=\"container\">\n\t\t\t\t<div class=\"elementor-element elementor-element-6680f3e animated-fast elementor-invisible elementor-widget elementor-widget-image\" data-id=\"6680f3e\" data-element_type=\"widget\" data-e-type=\"widget\" data-settings=\"{&quot;_animation&quot;:&quot;fadeInUp&quot;}\" data-widget_type=\"image.default\">\n\t\t\t\t<div class=\"elementor-widget-container\">\n\t\t\t\t\t\t\t\t\t\t\t\t\t\t\t<img fetchpriority=\"high\" decoding=\"async\" width=\"1109\" height=\"1200\" src=\"https:\/\/naturalcapitalfactory.es\/wp-content\/uploads\/2024\/08\/Foto_oso.jpg\" class=\"attachment-full size-full wp-image-980\" alt=\"\" srcset=\"https:\/\/naturalcapitalfactory.es\/wp-content\/uploads\/2024\/08\/Foto_oso.jpg 1109w, https:\/\/naturalcapitalfactory.es\/wp-content\/uploads\/2024\/08\/Foto_oso-277x300.jpg 277w, https:\/\/naturalcapitalfactory.es\/wp-content\/uploads\/2024\/08\/Foto_oso-946x1024.jpg 946w, https:\/\/naturalcapitalfactory.es\/wp-content\/uploads\/2024\/08\/Foto_oso-768x831.jpg 768w\" sizes=\"(max-width: 1109px) 100vw, 1109px\" \/>\t\t\t\t\t\t\t\t\t\t\t\t\t\t\t<\/div>\n\t\t\t\t<\/div>\n\t\t\t\t<\/div>\n\t\t\t\t\t<\/div>\n\t\t\t\t<\/div>\n\t\t<div class=\"elementor-element elementor-element-07e27f8 e-flex e-con-boxed e-con e-parent\" data-id=\"07e27f8\" data-element_type=\"container\" data-e-type=\"container\" data-settings=\"{&quot;background_background&quot;:&quot;classic&quot;}\">\n\t\t\t\t\t<div class=\"e-con-inner\">\n\t\t\t\t<div class=\"elementor-element elementor-element-df780d9 elementor-widget__width-initial elementor-widget elementor-widget-heading\" data-id=\"df780d9\" data-element_type=\"widget\" data-e-type=\"widget\" data-widget_type=\"heading.default\">\n\t\t\t\t<div class=\"elementor-widget-container\">\n\t\t\t\t\t<h3 class=\"elementor-heading-title elementor-size-default\">In this way, within the framework of this forum driven by the Natural Capital Factory, the aim is to help public representatives address the challenges they face, especially from a municipal perspective.<\/h3>\t\t\t\t<\/div>\n\t\t\t\t<\/div>\n\t\t\t\t<div class=\"elementor-element elementor-element-80d2949 elementor-invisible elementor-widget elementor-widget-image\" data-id=\"80d2949\" data-element_type=\"widget\" data-e-type=\"widget\" data-settings=\"{&quot;_animation&quot;:&quot;fadeInLeft&quot;}\" data-widget_type=\"image.default\">\n\t\t\t\t<div class=\"elementor-widget-container\">\n\t\t\t\t\t\t\t\t\t\t\t\t\t\t\t<img decoding=\"async\" width=\"205\" height=\"73\" src=\"https:\/\/naturalcapitalfactory.es\/wp-content\/uploads\/2024\/06\/Recurso_grafico.svg\" class=\"attachment-large size-large wp-image-115\" alt=\"\" \/>\t\t\t\t\t\t\t\t\t\t\t\t\t\t\t<\/div>\n\t\t\t\t<\/div>\n\t\t\t\t\t<\/div>\n\t\t\t\t<\/div>\n\t\t<div class=\"elementor-element elementor-element-ca42428 e-flex e-con-boxed e-con e-parent\" data-id=\"ca42428\" data-element_type=\"container\" data-e-type=\"container\" data-settings=\"{&quot;background_background&quot;:&quot;classic&quot;}\">\n\t\t\t\t\t<div class=\"e-con-inner\">\n\t\t\t\t<div class=\"elementor-element elementor-element-74b805c elementor-widget elementor-widget-image\" data-id=\"74b805c\" data-element_type=\"widget\" data-e-type=\"widget\" data-widget_type=\"image.default\">\n\t\t\t\t<div class=\"elementor-widget-container\">\n\t\t\t\t\t\t\t\t\t\t\t\t\t\t\t<img decoding=\"async\" width=\"1920\" height=\"616\" src=\"https:\/\/naturalcapitalfactory.es\/wp-content\/uploads\/2024\/08\/Foto_camino.jpg\" class=\"attachment-full size-full wp-image-986\" alt=\"\" srcset=\"https:\/\/naturalcapitalfactory.es\/wp-content\/uploads\/2024\/08\/Foto_camino.jpg 1920w, https:\/\/naturalcapitalfactory.es\/wp-content\/uploads\/2024\/08\/Foto_camino-300x96.jpg 300w, https:\/\/naturalcapitalfactory.es\/wp-content\/uploads\/2024\/08\/Foto_camino-1024x329.jpg 1024w, https:\/\/naturalcapitalfactory.es\/wp-content\/uploads\/2024\/08\/Foto_camino-768x246.jpg 768w, https:\/\/naturalcapitalfactory.es\/wp-content\/uploads\/2024\/08\/Foto_camino-1536x493.jpg 1536w\" sizes=\"(max-width: 1920px) 100vw, 1920px\" \/>\t\t\t\t\t\t\t\t\t\t\t\t\t\t\t<\/div>\n\t\t\t\t<\/div>\n\t\t\t\t\t<\/div>\n\t\t\t\t<\/div>\n\t\t<div class=\"elementor-element elementor-element-8bcc3c1 e-flex e-con-boxed e-con e-parent\" data-id=\"8bcc3c1\" data-element_type=\"container\" data-e-type=\"container\" data-settings=\"{&quot;background_background&quot;:&quot;classic&quot;}\">\n\t\t\t\t\t<div class=\"e-con-inner\">\n\t\t<div class=\"elementor-element elementor-element-e4a8b79 e-con-full e-flex e-con e-child\" data-id=\"e4a8b79\" data-element_type=\"container\" data-e-type=\"container\">\n\t\t\t\t<div class=\"elementor-element elementor-element-eb12430 elementor-widget elementor-widget-heading\" data-id=\"eb12430\" data-element_type=\"widget\" data-e-type=\"widget\" data-widget_type=\"heading.default\">\n\t\t\t\t<div class=\"elementor-widget-container\">\n\t\t\t\t\t<h2 class=\"elementor-heading-title elementor-size-default\">Objective<\/h2>\t\t\t\t<\/div>\n\t\t\t\t<\/div>\n\t\t<div class=\"elementor-element elementor-element-d20675b e-con-full e-flex e-con e-child\" data-id=\"d20675b\" data-element_type=\"container\" data-e-type=\"container\">\n\t\t\t\t<div class=\"elementor-element elementor-element-20171e3 elementor-view-default elementor-position-block-start elementor-mobile-position-block-start elementor-widget elementor-widget-icon-box\" data-id=\"20171e3\" data-element_type=\"widget\" data-e-type=\"widget\" data-widget_type=\"icon-box.default\">\n\t\t\t\t<div class=\"elementor-widget-container\">\n\t\t\t\t\t\t\t<div class=\"elementor-icon-box-wrapper\">\n\n\t\t\t\t\t\t<div class=\"elementor-icon-box-icon\">\n\t\t\t\t<span  class=\"elementor-icon\">\n\t\t\t\t<svg xmlns=\"http:\/\/www.w3.org\/2000\/svg\" id=\"Capa_1\" data-name=\"Capa 1\" viewbox=\"0 0 150 150\"><circle cx=\"75\" cy=\"75\" r=\"62.7\" fill=\"#b9cf52\" stroke-width=\"0\"><\/circle><g><path d=\"M82.16,89.99c-2.82,1.78-5.79,3-8.98,3.68-14.22,3.03-28.47-6.34-31.32-20.61-2.63-13.19,4.73-26.11,17.45-30.3,15.85-5.22,32.41,4.74,34.73,21.49.85,6.09-.37,11.82-3.57,17.09-.41.68-.29,1,.22,1.51,5.42,5.38,10.83,10.78,16.22,16.2,2.6,2.61,2.27,6.63-.67,8.64-2.2,1.5-5.09,1.23-7.06-.72-2.66-2.63-5.29-5.29-7.94-7.93-2.83-2.83-5.67-5.66-8.5-8.5-.17-.17-.34-.33-.57-.54ZM43.63,67.8c.15,1.37.23,2.75.46,4.1,2.97,17.13,22.6,25.53,37.09,15.87,1.13-.75,1.45-.72,2.4.22,5.63,5.63,11.25,11.25,16.88,16.88.22.22.44.47.7.65,1.05.77,2.19.92,3.37.35,1.13-.54,1.7-1.49,1.74-2.73.04-1.05-.46-1.86-1.19-2.59-5.67-5.66-11.34-11.32-17-16.99-1.01-1.01-1.04-1.27-.25-2.45,3.36-5.07,4.65-10.65,3.85-16.66-1.68-12.64-13.19-21.77-25.94-20.63-12.59,1.13-22,11.37-22.11,23.97Z\" fill=\"#fff7e6\" stroke=\"#fff7e6\" stroke-miterlimit=\"10\" stroke-width=\".25\"><\/path><path d=\"M86.57,67.8c-.03,10.37-8.47,18.76-18.83,18.72-10.42-.04-18.75-8.46-18.7-18.91.04-10.3,8.5-18.64,18.86-18.59,10.34.05,18.7,8.46,18.67,18.78ZM67.77,84.12c8.98.07,16.37-7.26,16.42-16.28.05-9.01-7.22-16.35-16.27-16.44-8.98-.09-16.43,7.2-16.49,16.13-.06,9.2,7.15,16.52,16.34,16.59Z\" fill=\"#fff7e6\" stroke=\"#fff7e6\" stroke-miterlimit=\"10\" stroke-width=\".25\"><\/path><path d=\"M60.56,59.11c.39.32.87.52.96.85.12.39.03.95-.18,1.31-.36.64-.94,1.14-1.33,1.77-2.11,3.45-1.68,7.83,1.03,10.83.09.1.18.19.27.3.5.62.49,1.31-.03,1.77-.52.45-1.14.42-1.7-.14-1.51-1.52-2.53-3.33-2.98-5.43-.85-3.98.09-7.51,2.86-10.51.27-.29.67-.47,1.09-.76Z\" fill=\"#fff7e6\" stroke=\"#fff7e6\" stroke-miterlimit=\"10\" stroke-width=\".25\"><\/path><\/g><\/svg>\t\t\t\t<\/span>\n\t\t\t<\/div>\n\t\t\t\n\t\t\t\t\t\t<div class=\"elementor-icon-box-content\">\n\n\t\t\t\t\n\t\t\t\t\t\t\t\t\t<p class=\"elementor-icon-box-description\">\n\t\t\t\t\t\t<b>Identify the barriers<\/b> faced by individuals responsible for municipal urban management when implementing nature-based solutions (NBS) and develop a framework for their involvement in the application and maintenance of these solutions.\t\t\t\t\t<\/p>\n\t\t\t\t\n\t\t\t<\/div>\n\t\t\t\n\t\t<\/div>\n\t\t\t\t\t\t<\/div>\n\t\t\t\t<\/div>\n\t\t\t\t<\/div>\n\t\t\t\t<\/div>\n\t\t<div class=\"elementor-element elementor-element-16e4e1c e-con-full e-flex e-con e-child\" data-id=\"16e4e1c\" data-element_type=\"container\" data-e-type=\"container\">\n\t\t<div class=\"elementor-element elementor-element-22ef9e2 e-con-full e-flex e-con e-child\" data-id=\"22ef9e2\" data-element_type=\"container\" data-e-type=\"container\">\n\t\t\t\t<div class=\"elementor-element elementor-element-4c66a4f elementor-view-default elementor-position-block-start elementor-mobile-position-block-start elementor-widget elementor-widget-icon-box\" data-id=\"4c66a4f\" data-element_type=\"widget\" data-e-type=\"widget\" data-widget_type=\"icon-box.default\">\n\t\t\t\t<div class=\"elementor-widget-container\">\n\t\t\t\t\t\t\t<div class=\"elementor-icon-box-wrapper\">\n\n\t\t\t\t\t\t<div class=\"elementor-icon-box-icon\">\n\t\t\t\t<span  class=\"elementor-icon\">\n\t\t\t\t<svg xmlns=\"http:\/\/www.w3.org\/2000\/svg\" id=\"Capa_1\" data-name=\"Capa 1\" viewbox=\"0 0 150 150\"><circle cx=\"75\" cy=\"75\" r=\"62.7\" fill=\"#b9cf52\" stroke-width=\"0\"><\/circle><g><path d=\"M101.21,48.89c-6.99-7-16.28-10.87-26.18-10.89h-.08c-9.83,0-19.09,3.83-26.08,10.8-7.01,7-10.88,16.3-10.89,26.2-.01,20.31,16.55,36.92,36.92,37.02.06,0,.12,0,.18,0,9.76,0,18.96-3.8,25.92-10.71,7.05-6.99,10.95-16.31,10.98-26.24.03-9.87-3.8-19.17-10.79-26.17ZM109.18,75.05c-.02,9.17-3.62,17.77-10.14,24.24-6.48,6.43-15.07,9.96-24.13,9.89-18.84-.1-34.14-15.46-34.08-34.23.02-9.17,3.62-17.77,10.13-24.23,6.44-6.38,14.94-9.89,23.96-9.89.06,0,.12,0,.18,0,18.84.1,34.13,15.45,34.08,34.23Z\" fill=\"#fff7e6\" stroke-width=\"0\"><\/path><path d=\"M92.24,56.07c-2.34-.67-4.43.01-6.03,1.97-3.42,4.17-6.84,8.33-10.25,12.5l-8.61,10.51c-.22-.15-.42-.3-.63-.45-.47-.34-.93-.68-1.39-1.02-.98-.72-1.98-1.46-3.01-2.16-1.32-.9-2.96-1.2-4.48-.83-1.51.37-2.81,1.38-3.55,2.76-1.32,2.46-.64,5.45,1.62,7.11,2.02,1.48,4.05,2.93,6.09,4.38l2.78,1.99c1.23.88,2.48,1.32,3.68,1.32,1.62,0,3.16-.8,4.47-2.37l22.02-26.44c1.17-1.4,1.64-2.93,1.4-4.53-.37-2.45-1.78-4.09-4.09-4.75ZM59.26,79.23l.11-.02c.1.04.21.08.31.12.47.18.92.36,1.29.61,1.26.86,2.51,1.78,3.72,2.67.52.38,1.05.77,1.57,1.15,1.31.95,1.81.88,2.84-.38l3.38-4.13c5.25-6.42,10.51-12.83,15.76-19.26.71-.87,1.36-1.27,2.18-1.34,1.32-.1,2.22.38,2.82,1.47.61,1.12.5,2.2-.33,3.22-1.63,1.98-3.27,3.96-4.91,5.93l-2.05,2.47c-5.07,6.09-10.13,12.17-15.21,18.26-1.02,1.22-2.04,1.6-3.22,1.19-.27-.09-.56-.25-.84-.44-3.01-2.14-6.02-4.29-9.01-6.45-.99-.71-1.37-1.6-1.19-2.72.19-1.11.81-1.83,1.92-2.18.17-.05.36-.08.54-.11.11-.02.21-.03.32-.05Z\" fill=\"#fff7e6\" stroke-width=\"0\"><\/path><\/g><\/svg>\t\t\t\t<\/span>\n\t\t\t<\/div>\n\t\t\t\n\t\t\t\t\t\t<div class=\"elementor-icon-box-content\">\n\n\t\t\t\t\n\t\t\t\t\t\t\t\t\t<p class=\"elementor-icon-box-description\">\n\t\t\t\t\t\tPromote <b>knowledge and the exchange of best practices in the application of NBS<\/b> among those responsible for land management at the municipal scale in the Iberian Peninsula\t\t\t\t\t<\/p>\n\t\t\t\t\n\t\t\t<\/div>\n\t\t\t\n\t\t<\/div>\n\t\t\t\t\t\t<\/div>\n\t\t\t\t<\/div>\n\t\t\t\t<\/div>\n\t\t<div class=\"elementor-element elementor-element-d076417 e-con-full e-flex e-con e-child\" data-id=\"d076417\" data-element_type=\"container\" data-e-type=\"container\">\n\t\t\t\t<div class=\"elementor-element elementor-element-8992022 elementor-view-default elementor-position-block-start elementor-mobile-position-block-start elementor-widget elementor-widget-icon-box\" data-id=\"8992022\" data-element_type=\"widget\" data-e-type=\"widget\" data-widget_type=\"icon-box.default\">\n\t\t\t\t<div class=\"elementor-widget-container\">\n\t\t\t\t\t\t\t<div class=\"elementor-icon-box-wrapper\">\n\n\t\t\t\t\t\t<div class=\"elementor-icon-box-icon\">\n\t\t\t\t<span  class=\"elementor-icon\">\n\t\t\t\t<svg xmlns=\"http:\/\/www.w3.org\/2000\/svg\" id=\"Capa_1\" data-name=\"Capa 1\" viewbox=\"0 0 150 150\"><circle cx=\"75\" cy=\"75\" r=\"62.7\" fill=\"#b9cf52\" stroke-width=\"0\"><\/circle><g><path d=\"M75,111.86c-20.32,0-36.86-16.53-36.86-36.86s16.53-36.86,36.86-36.86,36.86,16.53,36.86,36.86-16.53,36.86-36.86,36.86ZM75,41.14c-18.67,0-33.86,15.19-33.86,33.86s15.19,33.86,33.86,33.86,33.86-15.19,33.86-33.86-15.19-33.86-33.86-33.86Z\" fill=\"#fff7e6\" stroke-width=\"0\"><\/path><path d=\"M85.26,87.32c-2.57,1.95-5.37,2.93-8.31,2.93s-5.72-.94-8.07-2.78c-2.23-1.75-3.81-4.1-4.72-6.99l9.83.14c.39,0,.72-.12.98-.36.27-.25.41-.57.41-.93,0-.39-.14-.73-.41-.98-.26-.24-.59-.36-.98-.36l-10.46-.14c-.15-.92-.23-1.87-.23-2.83,0-.33,0-.61.02-.83l10.67.14c.39,0,.72-.12.98-.36.27-.25.41-.57.41-.93,0-.4-.14-.73-.41-.98-.26-.24-.59-.37-.98-.37l-10.38-.14c.41-2.22,1.22-4.22,2.41-5.94,1.27-1.83,2.88-3.28,4.77-4.3,1.89-1.02,3.96-1.53,6.15-1.53,2.94,0,5.75,1,8.42,3.02.32.16.56.23.75.23.41,0,.77-.19,1.02-.53.18-.23.28-.52.28-.86,0-.41-.2-.77-.58-1.07-1.35-1.05-2.91-1.89-4.62-2.48-1.71-.59-3.49-.89-5.27-.89-2.67,0-5.18.63-7.46,1.86-2.28,1.24-4.2,2.99-5.71,5.21-1.46,2.13-2.42,4.58-2.87,7.28l-3.17-.04c-.38,0-.71.12-.98.37-.27.25-.41.59-.41.98,0,.36.14.69.41.93.26.24.59.37.98.37l2.9.04c-.01.23-.02.51-.02.84,0,.89.06,1.84.19,2.82l-3.06-.04c-.38,0-.71.12-.98.36-.27.25-.41.59-.41.98,0,.36.14.69.41.93.26.24.59.37.98.37l3.6.04c.67,2.35,1.75,4.48,3.22,6.32,1.53,1.91,3.39,3.41,5.51,4.47,2.13,1.06,4.45,1.59,6.89,1.59,1.72,0,3.52-.33,5.37-.99,1.84-.66,3.38-1.46,4.56-2.38.35-.26.54-.64.54-1.08,0-.31-.09-.58-.27-.81-.45-.6-1.35-.7-1.89-.27Z\" fill=\"#fff7e6\" stroke-width=\"0\"><\/path><\/g><\/svg>\t\t\t\t<\/span>\n\t\t\t<\/div>\n\t\t\t\n\t\t\t\t\t\t<div class=\"elementor-icon-box-content\">\n\n\t\t\t\t\n\t\t\t\t\t\t\t\t\t<p class=\"elementor-icon-box-description\">\n\t\t\t\t\t\t<b>Encourage investment in nature through the development of NBS at the municipal level<\/b> to enhance connectivity, accessibility, and multifunctionality of urban green infrastructure\t\t\t\t\t<\/p>\n\t\t\t\t\n\t\t\t<\/div>\n\t\t\t\n\t\t<\/div>\n\t\t\t\t\t\t<\/div>\n\t\t\t\t<\/div>\n\t\t\t\t<\/div>\n\t\t<div class=\"elementor-element elementor-element-d9642b0 e-con-full e-flex e-con e-child\" data-id=\"d9642b0\" data-element_type=\"container\" data-e-type=\"container\">\n\t\t\t\t<div class=\"elementor-element elementor-element-362470c elementor-view-default elementor-position-block-start elementor-mobile-position-block-start elementor-widget elementor-widget-icon-box\" data-id=\"362470c\" data-element_type=\"widget\" data-e-type=\"widget\" data-widget_type=\"icon-box.default\">\n\t\t\t\t<div class=\"elementor-widget-container\">\n\t\t\t\t\t\t\t<div class=\"elementor-icon-box-wrapper\">\n\n\t\t\t\t\t\t<div class=\"elementor-icon-box-icon\">\n\t\t\t\t<span  class=\"elementor-icon\">\n\t\t\t\t<svg xmlns=\"http:\/\/www.w3.org\/2000\/svg\" id=\"Capa_1\" data-name=\"Capa 1\" viewbox=\"0 0 150 150\"><circle cx=\"75\" cy=\"75\" r=\"62.7\" fill=\"#b9cf52\" stroke-width=\"0\"><\/circle><g><path d=\"M75.32,94.41c-10.58,0-19.18-8.6-19.18-19.18s8.6-19.18,19.18-19.18,19.18,8.6,19.18,19.18-8.6,19.18-19.18,19.18ZM75.32,59.05c-8.92,0-16.18,7.26-16.18,16.18s7.26,16.18,16.18,16.18,16.18-7.26,16.18-16.18-7.26-16.18-16.18-16.18Z\" fill=\"#fff7e6\" stroke-width=\"0\"><\/path><path d=\"M70.51,110.62c-.57,0-1.09-.32-1.35-.84l-3.05-6.2-5.08-2.11-6.7,2.35c-.54.19-1.15.05-1.56-.36l-6.21-6.23c-.39-.4-.54-.98-.37-1.51l2.02-6.38-2.21-5.33-5.94-3.09c-.5-.26-.81-.77-.81-1.33v-8.79c0-.58.32-1.1.85-1.35l6.4-3.07,2.11-5.08-2.22-6.55c-.19-.55-.04-1.16.38-1.56l6.37-6.12c.41-.39,1-.52,1.53-.33l6.21,2.17,5.53-2.73,3.03-5.98c.26-.5.77-.82,1.34-.82h8.83c.58,0,1.11.34,1.36.86l2.93,6.26,5.04,2.2,6.74-2.22c.55-.18,1.15-.03,1.55.39l6.09,6.34c.39.4.52.99.34,1.52l-2.13,6.32,2.21,5.33,5.98,2.97c.5.25.82.75.83,1.31l.17,8.79c.01.58-.31,1.11-.83,1.37l-6.34,3.19-2.01,5.12,2.35,6.5c.2.55.06,1.16-.35,1.57l-6.25,6.24c-.4.4-.99.54-1.53.36l-6.37-2.09-5.84,1.97-2.86,5.92c-.25.51-.76.84-1.32.85l-8.83.17s-.02,0-.03,0ZM61.08,98.37c.2,0,.39.04.57.11l6.14,2.54c.34.14.61.4.77.72l2.88,5.86,6.95-.13,2.73-5.66c.18-.36.49-.64.87-.77l6.91-2.33c.31-.1.64-.1.95,0l5.97,1.96,4.92-4.91-2.21-6.14c-.12-.34-.12-.72.02-1.06l2.43-6.18c.14-.34.39-.62.72-.79l6.01-3.02-.14-6.94-5.67-2.82c-.32-.16-.58-.43-.72-.77l-2.64-6.37c-.14-.34-.15-.71-.04-1.05l2.02-6-4.8-5.01-6.39,2.1c-.35.12-.73.1-1.07-.05l-6.09-2.66c-.33-.15-.6-.41-.76-.74l-2.77-5.91h-6.95l-2.84,5.61c-.15.29-.38.52-.67.67l-6.54,3.23c-.36.18-.78.2-1.16.07l-5.93-2.07-5.01,4.82,2.1,6.18c.12.35.1.72-.04,1.06l-2.55,6.13c-.14.34-.4.62-.74.78l-6.07,2.91v6.94s5.62,2.92,5.62,2.92c.31.16.56.43.69.76l2.63,6.34c.14.33.15.69.04,1.03l-1.91,6.03,4.9,4.91,6.35-2.23c.16-.06.33-.08.5-.08Z\" fill=\"#fff7e6\" stroke-width=\"0\"><\/path><\/g><\/svg>\t\t\t\t<\/span>\n\t\t\t<\/div>\n\t\t\t\n\t\t\t\t\t\t<div class=\"elementor-icon-box-content\">\n\n\t\t\t\t\n\t\t\t\t\t\t\t\t\t<p class=\"elementor-icon-box-description\">\n\t\t\t\t\t\tContribute to <b>capacity building in the application of NBS<\/b> among public officials in the Iberian context\t\t\t\t\t<\/p>\n\t\t\t\t\n\t\t\t<\/div>\n\t\t\t\n\t\t<\/div>\n\t\t\t\t\t\t<\/div>\n\t\t\t\t<\/div>\n\t\t\t\t<\/div>\n\t\t<div class=\"elementor-element elementor-element-62c74f1 e-con-full e-flex e-con e-child\" data-id=\"62c74f1\" data-element_type=\"container\" data-e-type=\"container\">\n\t\t\t\t<div class=\"elementor-element elementor-element-e0d8c16 elementor-view-default elementor-position-block-start elementor-mobile-position-block-start elementor-widget elementor-widget-icon-box\" data-id=\"e0d8c16\" data-element_type=\"widget\" data-e-type=\"widget\" data-widget_type=\"icon-box.default\">\n\t\t\t\t<div class=\"elementor-widget-container\">\n\t\t\t\t\t\t\t<div class=\"elementor-icon-box-wrapper\">\n\n\t\t\t\t\t\t<div class=\"elementor-icon-box-icon\">\n\t\t\t\t<span  class=\"elementor-icon\">\n\t\t\t\t<svg xmlns=\"http:\/\/www.w3.org\/2000\/svg\" id=\"Capa_1\" data-name=\"Capa 1\" viewbox=\"0 0 150 150\"><circle cx=\"75\" cy=\"75\" r=\"62.7\" fill=\"#b9cf52\" stroke-width=\"0\"><\/circle><g><path d=\"M76.88,38.2c1.46.24,2.93.41,4.37.73,10.66,2.37,19.09,11.37,20.95,22.15.96,5.6-.03,10.9-2.1,16.07-2.62,6.53-6.36,12.42-10.49,18.07-4.08,5.57-8.55,10.81-13.35,15.78-1.01,1.05-1.47,1.05-2.48,0-7.17-7.49-13.73-15.46-19.08-24.38-2.86-4.77-5.37-9.73-6.57-15.21-1.91-8.75.19-16.57,5.86-23.41,4.35-5.25,10.03-8.32,16.76-9.46.8-.14,1.6-.22,2.41-.33,1.25,0,2.49,0,3.74,0ZM74.99,108.97c.23-.23.39-.38.53-.54,4.16-4.44,8.09-9.08,11.72-13.96,3.99-5.37,7.62-10.96,10.27-17.13,2.21-5.14,3.38-10.41,2.38-16.07-2-11.41-12.22-20.4-23.81-20.74-7.25-.21-13.61,2.08-18.74,7.21-6.34,6.35-8.84,14.02-7.05,22.9.95,4.71,3.04,9,5.42,13.14,4.79,8.38,10.78,15.86,17.23,22.99.66.72,1.33,1.43,2.04,2.19Z\" fill=\"#fff7e6\" stroke=\"#fff7e6\" stroke-miterlimit=\"10\"><\/path><path d=\"M75.02,49.33c8.57.03,15.46,6.97,15.43,15.55-.03,8.48-7.01,15.37-15.52,15.33-8.55-.04-15.41-7.01-15.36-15.61.04-8.41,7.02-15.3,15.45-15.27ZM61.49,64.78c0,7.41,6.05,13.49,13.44,13.5,7.52.01,13.58-6.04,13.58-13.55,0-7.39-6.07-13.46-13.47-13.47-7.49,0-13.55,6.04-13.55,13.51Z\" fill=\"#fff7e6\" stroke=\"#fff7e6\" stroke-miterlimit=\"10\"><\/path><\/g><\/svg>\t\t\t\t<\/span>\n\t\t\t<\/div>\n\t\t\t\n\t\t\t\t\t\t<div class=\"elementor-icon-box-content\">\n\n\t\t\t\t\n\t\t\t\t\t\t\t\t\t<p class=\"elementor-icon-box-description\">\n\t\t\t\t\t\tgreater implementation and replicability of NBS <b>Drive<\/b> in the territories of Spain and Portugal\t\t\t\t\t<\/p>\n\t\t\t\t\n\t\t\t<\/div>\n\t\t\t\n\t\t<\/div>\n\t\t\t\t\t\t<\/div>\n\t\t\t\t<\/div>\n\t\t\t\t<\/div>\n\t\t\t\t<\/div>\n\t\t\t\t\t<\/div>\n\t\t\t\t<\/div>\n\t\t<div class=\"elementor-element elementor-element-ef21709 e-flex e-con-boxed e-con e-parent\" data-id=\"ef21709\" data-element_type=\"container\" data-e-type=\"container\" data-settings=\"{&quot;background_background&quot;:&quot;classic&quot;}\">\n\t\t\t\t\t<div class=\"e-con-inner\">\n\t\t\t\t<div class=\"elementor-element elementor-element-294174d elementor-align-left elementor-widget elementor-widget-button\" data-id=\"294174d\" data-element_type=\"widget\" data-e-type=\"widget\" data-widget_type=\"button.default\">\n\t\t\t\t<div class=\"elementor-widget-container\">\n\t\t\t\t\t\t\t\t\t<div class=\"elementor-button-wrapper\">\n\t\t\t\t\t<a class=\"elementor-button elementor-button-link elementor-size-sm\" href=\"https:\/\/naturalcapitalfactory.es\/en\/grupos-de-trabajo\/\">\n\t\t\t\t\t\t<span class=\"elementor-button-content-wrapper\">\n\t\t\t\t\t\t<span class=\"elementor-button-icon\">\n\t\t\t\t<svg aria-hidden=\"true\" class=\"e-font-icon-svg e-fas-chevron-left\" viewbox=\"0 0 320 512\" xmlns=\"http:\/\/www.w3.org\/2000\/svg\"><path d=\"M34.52 239.03L228.87 44.69c9.37-9.37 24.57-9.37 33.94 0l22.67 22.67c9.36 9.36 9.37 24.52.04 33.9L131.49 256l154.02 154.75c9.34 9.38 9.32 24.54-.04 33.9l-22.67 22.67c-9.37 9.37-24.57 9.37-33.94 0L34.52 272.97c-9.37-9.37-9.37-24.57 0-33.94z\"><\/path><\/svg>\t\t\t<\/span>\n\t\t\t\t\t\t\t\t\t<span class=\"elementor-button-text\">Previous<\/span>\n\t\t\t\t\t<\/span>\n\t\t\t\t\t<\/a>\n\t\t\t\t<\/div>\n\t\t\t\t\t\t\t\t<\/div>\n\t\t\t\t<\/div>\n\t\t\t\t\t<\/div>\n\t\t\t\t<\/div>\n\t\t\t\t<\/div>","protected":false},"excerpt":{"rendered":"<p>SBN y Sector P\u00fablico Como parte del proyecto Interreg INDNATUR, financiado por el programa Interreg POCTEP, el Foro de Cooperaci\u00f3n de las Administraciones P\u00fablicas para la Aplicaci\u00f3n de Soluciones Basadas en la Naturaleza (FOCAPSBN) tiene como objetivo conectar a los responsables p\u00fablicos de la pen\u00ednsula ib\u00e9rica directamente implicados en la gesti\u00f3n del territorio urbano con [&hellip;]<\/p>","protected":false},"author":2,"featured_media":0,"parent":0,"menu_order":0,"comment_status":"closed","ping_status":"closed","template":"","meta":{"footnotes":""},"class_list":["post-976","page","type-page","status-publish","hentry"],"_links":{"self":[{"href":"https:\/\/naturalcapitalfactory.es\/en\/wp-json\/wp\/v2\/pages\/976","targetHints":{"allow":["GET"]}}],"collection":[{"href":"https:\/\/naturalcapitalfactory.es\/en\/wp-json\/wp\/v2\/pages"}],"about":[{"href":"https:\/\/naturalcapitalfactory.es\/en\/wp-json\/wp\/v2\/types\/page"}],"author":[{"embeddable":true,"href":"https:\/\/naturalcapitalfactory.es\/en\/wp-json\/wp\/v2\/users\/2"}],"replies":[{"embeddable":true,"href":"https:\/\/naturalcapitalfactory.es\/en\/wp-json\/wp\/v2\/comments?post=976"}],"version-history":[{"count":40,"href":"https:\/\/naturalcapitalfactory.es\/en\/wp-json\/wp\/v2\/pages\/976\/revisions"}],"predecessor-version":[{"id":1593,"href":"https:\/\/naturalcapitalfactory.es\/en\/wp-json\/wp\/v2\/pages\/976\/revisions\/1593"}],"wp:attachment":[{"href":"https:\/\/naturalcapitalfactory.es\/en\/wp-json\/wp\/v2\/media?parent=976"}],"curies":[{"name":"wp","href":"https:\/\/api.w.org\/{rel}","templated":true}]}}