{"id":57,"date":"2024-06-26T14:46:11","date_gmt":"2024-06-26T14:46:11","guid":{"rendered":"https:\/\/new.naturalcapitalfactory.es\/?page_id=57"},"modified":"2024-10-10T12:32:54","modified_gmt":"2024-10-10T10:32:54","slug":"grupos-de-trabajo","status":"publish","type":"page","link":"https:\/\/naturalcapitalfactory.es\/en\/grupos-de-trabajo\/","title":{"rendered":"Working Groups"},"content":{"rendered":"<div data-elementor-type=\"wp-page\" data-elementor-id=\"57\" class=\"elementor elementor-57\" data-elementor-post-type=\"page\">\n\t\t\t\t<div class=\"elementor-element elementor-element-33af602 e-flex e-con-boxed e-con e-parent\" data-id=\"33af602\" data-element_type=\"container\" data-e-type=\"container\" data-settings=\"{&quot;background_background&quot;:&quot;classic&quot;}\">\n\t\t\t\t\t<div class=\"e-con-inner\">\n\t\t\t\t<div class=\"elementor-element elementor-element-3bb1d8a elementor-widget elementor-widget-heading\" data-id=\"3bb1d8a\" data-element_type=\"widget\" data-e-type=\"widget\" data-widget_type=\"heading.default\">\n\t\t\t\t<div class=\"elementor-widget-container\">\n\t\t\t\t\t<h2 class=\"elementor-heading-title elementor-size-default\">Working Groups<\/h2>\t\t\t\t<\/div>\n\t\t\t\t<\/div>\n\t\t<div class=\"elementor-element elementor-element-12e5483 e-con-full e-flex e-con e-child\" data-id=\"12e5483\" data-element_type=\"container\" data-e-type=\"container\" data-settings=\"{&quot;background_background&quot;:&quot;classic&quot;}\">\n\t\t\t\t<div class=\"elementor-element elementor-element-32c0ac3 elementor-widget__width-initial elementor-widget-mobile__width-inherit elementor-widget-tablet__width-initial elementor-view-default elementor-position-block-start elementor-mobile-position-block-start elementor-invisible elementor-widget elementor-widget-icon-box\" data-id=\"32c0ac3\" data-element_type=\"widget\" data-e-type=\"widget\" data-settings=\"{&quot;_animation&quot;:&quot;fadeInUp&quot;}\" data-widget_type=\"icon-box.default\">\n\t\t\t\t<div class=\"elementor-widget-container\">\n\t\t\t\t\t\t\t<div class=\"elementor-icon-box-wrapper\">\n\n\t\t\t\t\t\t<div class=\"elementor-icon-box-icon\">\n\t\t\t\t<a href=\"https:\/\/naturalcapitalfactory.es\/en\/capital-natural-y-energia-gtcne\/\" class=\"elementor-icon\" tabindex=\"-1\" aria-label=\"Natural Capital&lt;br&gt;and Energy&lt;br&gt;\">\n\t\t\t\t<svg xmlns=\"http:\/\/www.w3.org\/2000\/svg\" xmlns:xlink=\"http:\/\/www.w3.org\/1999\/xlink\" id=\"Capa_1\" x=\"0px\" y=\"0px\" viewbox=\"0 0 130 130\" xml:space=\"preserve\"><path fill=\"#07B9EE\" d=\"M102,38.3c-4.5-14-17.4-24.7-31.9-26.5c-14.5-1.8-29.8,5.6-37.4,18c-7.6,12.5-7,29.5,1.5,41.4  c1.7,2.4,3.7,4.6,5.6,6.7c3.6,4,7.1,7.8,8.6,12.6l0.1,1c-0.2,2.2-0.2,4.4-0.2,6.7h-3.3c-0.8,0-1.5,0.7-1.5,1.5s0.7,1.5,1.5,1.5h3.4  c0.1,1,0.2,2.1,0.3,3.1c0.2,1.8,0.5,3.8,2,5.4c1.5,1.6,3.6,1.9,5.6,2c0.1,0.4,0.2,0.9,0.3,1.3c0.1,0.4,0.1,0.7,0.2,1.1  c0.4,2,1.3,3.5,2.7,4.2c1,0.5,2.1,0.6,3,0.6c0.2,0,0.4,0,0.6,0l8.5-0.2c0.8,0,2.1,0,3.1-1c0.8-0.7,1-1.6,1.1-2.3l1-3.9  c2.2-0.2,4.2-0.9,5.5-2.7c1.3-1.8,1.3-4,1.3-5.6l0-2.1h3.2c0.8,0,1.5-0.7,1.5-1.5s-0.7-1.5-1.5-1.5h-3.2l0-6l0.1-0.8  c0-0.1,0-0.1,0-0.2c0.2-0.6,0.2-1.2,0.1-1.7c0-0.2,0-0.3,0-0.4c0.1-0.6,0.2-1.2,0.5-1.8c0.4-1.1,1.1-2.2,2-3.3  c1.1-1.3,2.3-2.4,3.7-3.6c0.7-0.6,1.3-1.2,2-1.8C102.4,68.4,106.5,52.2,102,38.3z M72.6,115.5c-0.2,0.1-0.9,0.2-1.1,0.2l-8.5,0.2  c-0.7,0-1.5,0-2-0.2c-0.7-0.4-1-1.4-1.2-2.2c-0.1-0.3-0.1-0.6-0.2-1c0-0.3-0.1-0.5-0.1-0.8l14.2,0l-0.8,3.1  C72.8,114.9,72.7,115.4,72.6,115.5z M80.5,103.2c0,1.6,0,2.9-0.7,3.9c-1,1.4-3.2,1.5-5.5,1.6L58,108.7c-0.4-0.2-0.8-0.2-1.2,0  c-1.6,0-3-0.2-3.9-1.1c-0.8-0.8-1-2.3-1.2-3.6c-0.1-0.9-0.2-1.9-0.2-2.8h29L80.5,103.2z M51.4,98.1c0-1.7,0-3.4,0.1-5.1l26.6-0.3  c0.2,0,0.5,0,0.7,0c0.5,0,1.1,0.1,1.7,0.1l0,5.3H51.4z M66.1,53.6c-0.6-0.6-1.6-0.5-2.1,0.1c-0.6,0.6-0.5,1.5,0.1,2.1  c2.5,2.3,3.9,6.1,3.8,10.4c-0.1,2.8-0.7,5.4-1.3,7.7c-0.1,0.3-0.1,0.7-0.2,1.1c-0.1,0.4-0.2,1.3-0.4,1.8c-0.3-0.1-0.6-0.2-0.9-0.3  c-0.2-0.1-0.3-0.1-0.4-0.2c-3.8-1.4-7.2-4.1-9.6-7.7c-2.6-4-3.9-9.1-3.6-14.2c0.3-5.2,2.3-10.3,5.6-14.4c2.7-3.5,6.4-6.3,10.5-8  c-0.2,4.3,1.9,8.4,4,11.3c0.9,1.2,1.8,2.4,2.7,3.6c1.9,2.5,3.8,4.8,4.9,7.5c2,4.6,1.8,10.2-0.7,14.7c-1.9,3.5-5.3,6.3-9.1,7.8  c-0.1,0-0.2,0.1-0.3,0.1c0.1-0.4,0.2-0.9,0.3-1.3c0.1-0.3,0.1-0.7,0.2-0.9c0.6-2.3,1.3-5.3,1.4-8.3C70.9,61.1,69.2,56.5,66.1,53.6z   M89.7,76.4c-0.6,0.6-1.3,1.2-1.9,1.7c-1.4,1.2-2.8,2.5-4,3.9c-1.1,1.3-1.9,2.7-2.5,4.1c-0.3,0.8-0.5,1.7-0.6,2.5c0,0.3,0,0.6,0,0.9  c0,0.1,0,0.1,0,0.2c-0.5,0.1-1.3,0-1.7,0c-0.4,0-0.7-0.1-1,0l-11.6,0.1c-0.1-2,0.1-4.2,0.7-6.9c0.1-0.2,0.1-0.6,0.2-1  c0.1-0.5,0.2-1.6,0.4-1.9c0.3-0.1,0.9-0.2,1.3-0.3c0.5-0.1,1-0.2,1.4-0.3c4.5-1.7,8.4-5,10.7-9.1c2.9-5.3,3.2-11.7,0.8-17.2  c-1.3-3-3.4-5.6-5.3-8.1c-0.9-1.1-1.8-2.3-2.6-3.5c-2.1-3-4.4-7.4-3.1-11.5c0.2-0.5,0-1.1-0.4-1.5c-0.4-0.4-1-0.5-1.5-0.3  c-5.6,1.8-10.7,5.4-14.3,9.9c-3.6,4.6-5.8,10.3-6.2,16c-0.4,5.8,1,11.5,4,16c2.7,4.1,6.6,7.2,11,8.8c0.1,0,0.2,0.1,0.3,0.1  c0.2,0.1,0.6,0.2,0.9,0.3c-0.2,0.6-0.3,1.3-0.4,2.1c0,0.3-0.1,0.6-0.1,0.8c-0.6,2.9-0.9,5.3-0.8,7.5l-12.1,0.1l0-0.1  c0-0.1,0-0.2-0.1-0.2c-1.7-5.5-5.6-9.7-9.3-13.9c-1.9-2.1-3.8-4.2-5.4-6.4c-7.8-10.9-8.4-26.6-1.4-38.1  c6.2-10.3,18.3-16.8,30.4-16.8c1.3,0,2.7,0.1,4,0.2C82.9,16.4,95,26.5,99.1,39.2C103.3,52.1,99.5,67,89.7,76.4z\"><\/path><\/svg>\t\t\t\t<\/a>\n\t\t\t<\/div>\n\t\t\t\n\t\t\t\t\t\t<div class=\"elementor-icon-box-content\">\n\n\t\t\t\t\t\t\t\t\t<h3 class=\"elementor-icon-box-title\">\n\t\t\t\t\t\t<a href=\"https:\/\/naturalcapitalfactory.es\/en\/capital-natural-y-energia-gtcne\/\" >\n\t\t\t\t\t\t\tNatural Capital<br>and Energy<br>\t\t\t\t\t\t<\/a>\n\t\t\t\t\t<\/h3>\n\t\t\t\t\n\t\t\t\t\n\t\t\t<\/div>\n\t\t\t\n\t\t<\/div>\n\t\t\t\t\t\t<\/div>\n\t\t\t\t<\/div>\n\t\t\t\t<div class=\"elementor-element elementor-element-df24da8 elementor-widget__width-initial elementor-widget-mobile__width-inherit elementor-widget-tablet__width-initial elementor-view-default elementor-position-block-start elementor-mobile-position-block-start elementor-invisible elementor-widget elementor-widget-icon-box\" data-id=\"df24da8\" data-element_type=\"widget\" data-e-type=\"widget\" data-settings=\"{&quot;_animation&quot;:&quot;fadeInUp&quot;}\" data-widget_type=\"icon-box.default\">\n\t\t\t\t<div class=\"elementor-widget-container\">\n\t\t\t\t\t\t\t<div class=\"elementor-icon-box-wrapper\">\n\n\t\t\t\t\t\t<div class=\"elementor-icon-box-icon\">\n\t\t\t\t<a href=\"https:\/\/naturalcapitalfactory.es\/en\/mecanismos-emergentes-de-financiacion-para-la-naturaleza\/\" target=\"_blank\" class=\"elementor-icon\" tabindex=\"-1\" aria-label=\"Emerging&lt;br&gt;Mechanisms to&lt;br&gt;Finance&lt;br&gt;Nature \">\n\t\t\t\t<svg xmlns=\"http:\/\/www.w3.org\/2000\/svg\" xmlns:xlink=\"http:\/\/www.w3.org\/1999\/xlink\" id=\"Capa_1\" x=\"0px\" y=\"0px\" viewbox=\"0 0 130 130\" xml:space=\"preserve\"><g>\t<path fill=\"#07B9EE\" d=\"M65.5,36.9c-15.7,0-28.4,12.7-28.4,28.4s12.7,28.4,28.4,28.4c15.7,0,28.4-12.7,28.4-28.4   S81.1,36.9,65.5,36.9z M65.5,90.8c-14,0-25.4-11.4-25.4-25.4s11.4-25.4,25.4-25.4s25.4,11.4,25.4,25.4S79.5,90.8,65.5,90.8z\"><\/path>\t<path fill=\"#07B9EE\" d=\"M118.3,58.4c0-0.6-0.3-1.1-0.8-1.3l-9.4-4.6l-3.6-8.7l3.3-9.9c0.2-0.5,0-1.1-0.3-1.5l-9.3-9.7   c-0.4-0.4-1-0.6-1.6-0.4l-10.5,3.5L78,22.2l-4.6-9.8c-0.2-0.5-0.8-0.9-1.4-0.9H58.6c-0.6,0-1.1,0.3-1.3,0.8l-4.7,9.3l-8.9,4.4   l-9.8-3.4c-0.5-0.2-1.1-0.1-1.5,0.3l-9.7,9.3c-0.4,0.4-0.6,1-0.4,1.6l3.5,10.2l-3.4,8.3l-10,4.8c-0.5,0.2-0.9,0.8-0.9,1.4l0,13.4   c0,0.6,0.3,1.1,0.8,1.3l9.3,4.8l3.6,8.6l-3.2,10c-0.2,0.5,0,1.1,0.4,1.5l9.4,9.5c0.4,0.4,1,0.5,1.6,0.4l10.5-3.7l8.3,3.4l4.8,9.7   c0.3,0.5,0.8,0.8,1.3,0.8c0,0,0,0,0,0l13.4-0.3c0.6,0,1.1-0.3,1.3-0.8l4.5-9.3l9.4-3.2l9.9,3.3c0.5,0.2,1.1,0,1.5-0.4l9.5-9.5   c0.4-0.4,0.5-1,0.4-1.6l-3.7-10.2l3.3-8.3l9.9-5c0.5-0.3,0.8-0.8,0.8-1.4L118.3,58.4z M106,75.7c-0.3,0.2-0.6,0.4-0.7,0.8l-3.7,9.4   c-0.1,0.3-0.1,0.7,0,1.1l3.5,9.8l-8.2,8.2l-9.5-3.1c-0.3-0.1-0.6-0.1-0.9,0l-10.5,3.5c-0.4,0.1-0.7,0.4-0.9,0.8l-4.4,9l-11.6,0.2   l-4.6-9.4c-0.2-0.3-0.4-0.6-0.8-0.7l-9.3-3.9c-0.2-0.1-0.4-0.1-0.6-0.1c-0.2,0-0.3,0-0.5,0.1L33.2,105l-8.1-8.2l3-9.6   c0.1-0.3,0.1-0.7,0-1l-4-9.6c-0.1-0.3-0.4-0.6-0.7-0.8l-9-4.7l0-11.5l9.7-4.6c0.3-0.2,0.6-0.4,0.7-0.8l3.9-9.3   c0.1-0.3,0.2-0.7,0-1.1l-3.4-9.9l8.3-8l9.5,3.3c0.4,0.1,0.8,0.1,1.2-0.1l9.9-4.9c0.3-0.1,0.5-0.4,0.7-0.7l4.5-9h11.6l4.4,9.4   c0.2,0.3,0.4,0.6,0.8,0.7l9.3,4c0.3,0.1,0.7,0.2,1.1,0l10.2-3.4l8,8.3l-3.2,9.6c-0.1,0.3-0.1,0.7,0,1.1l4,9.7   c0.1,0.3,0.4,0.6,0.7,0.8l9,4.5l0.2,11.5L106,75.7z\"><\/path>\t<path fill=\"#07B9EE\" d=\"M73.7,50.2c-3.9-0.4-7.7,0.2-11,1.8c-6.5,3-10.8,9.9-10.5,16.6c0.1,2.8,1,5.2,2.6,6.9   c-1,2.2-1.9,4.6-2.7,6.9c-0.2,0.8,0.2,1.6,1,1.9c0.1,0,0.3,0.1,0.4,0.1c0.6,0,1.2-0.4,1.4-1.1c0.6-2.1,1.4-4.1,2.3-6   c1.3,0.6,2.7,0.9,4.3,0.9c0.8,0,1.6-0.1,2.4-0.2c5.6-1,10.4-5.3,12-10.7c0.4-1.2,0.6-2.4,0.8-3.5c0.2-1.3,0.5-2.6,0.9-3.8   c0.5-1.3,1.2-2.2,2.7-3.3c1.6-1.2,1.6-2.4,1.4-3C81.1,51.3,77,50.5,73.7,50.2z M74.7,58.7c-0.5,1.4-0.8,2.9-1,4.3   c-0.2,1.1-0.4,2.2-0.7,3.2c-1.3,4.4-5.2,7.8-9.7,8.6c-1.8,0.3-3.4,0.2-4.8-0.4c2.7-5.1,6.2-9.8,10.5-13.8c0.6-0.6,0.6-1.5,0.1-2.1   c-0.6-0.6-1.5-0.6-2.1-0.1c-4.3,4-7.9,8.8-10.7,14c-0.8-1.4-1-3-1.1-4c-0.2-5.6,3.4-11.2,8.8-13.8c2.3-1.1,4.8-1.6,7.5-1.6   c0.7,0,1.3,0,2,0.1c1.9,0.2,3.9,0.6,4.9,1.1C77,55.2,75.5,56.5,74.7,58.7z\"><\/path><\/g><\/svg>\t\t\t\t<\/a>\n\t\t\t<\/div>\n\t\t\t\n\t\t\t\t\t\t<div class=\"elementor-icon-box-content\">\n\n\t\t\t\t\t\t\t\t\t<h3 class=\"elementor-icon-box-title\">\n\t\t\t\t\t\t<a href=\"https:\/\/naturalcapitalfactory.es\/en\/mecanismos-emergentes-de-financiacion-para-la-naturaleza\/\" target=\"_blank\" >\n\t\t\t\t\t\t\tEmerging<br>Mechanisms to<br>Finance<br>Nature \t\t\t\t\t\t<\/a>\n\t\t\t\t\t<\/h3>\n\t\t\t\t\n\t\t\t\t\n\t\t\t<\/div>\n\t\t\t\n\t\t<\/div>\n\t\t\t\t\t\t<\/div>\n\t\t\t\t<\/div>\n\t\t\t\t<div class=\"elementor-element elementor-element-63258c9 elementor-widget__width-initial elementor-widget-mobile__width-inherit elementor-widget-tablet__width-initial elementor-view-default elementor-position-block-start elementor-mobile-position-block-start elementor-invisible elementor-widget elementor-widget-icon-box\" data-id=\"63258c9\" data-element_type=\"widget\" data-e-type=\"widget\" data-settings=\"{&quot;_animation&quot;:&quot;fadeInUp&quot;}\" data-widget_type=\"icon-box.default\">\n\t\t\t\t<div class=\"elementor-widget-container\">\n\t\t\t\t\t\t\t<div class=\"elementor-icon-box-wrapper\">\n\n\t\t\t\t\t\t<div class=\"elementor-icon-box-icon\">\n\t\t\t\t<a href=\"https:\/\/naturalcapitalfactory.es\/en\/sector-forestal\/\" class=\"elementor-icon\" tabindex=\"-1\" aria-label=\"Forestry Sector\">\n\t\t\t\t<svg xmlns=\"http:\/\/www.w3.org\/2000\/svg\" xmlns:xlink=\"http:\/\/www.w3.org\/1999\/xlink\" id=\"Capa_1\" x=\"0px\" y=\"0px\" viewbox=\"0 0 130 130\" xml:space=\"preserve\"><path fill=\"#07B9EE\" d=\"M115.9,115.7H90v-11.1c4.4-0.1,8.7-1.2,12.3-3.7c2.2-1.6,4-3.5,5.3-5.8h0c3.6-6.2,3.1-14.4-1-20.2  c2.2-3.3,2.5-7.8,0.9-11.4c-1.6-3.5-5.1-6.1-8.9-6.6c-0.1-3.8-1.4-7.3-3.8-9.7c-3.1-3-7.8-3.9-11.4-2.2c0.1-3.9-1.2-7.9-3.9-10.8  c-2.7-3.1-6.8-5-10.9-5.2c0.7-5.7-1.8-11.7-6.5-15c-5.2-3.7-12.8-3.6-18,0.1c-4.7,3.3-7.2,9.5-6.4,15.1c-6,0.4-11.5,4.2-13.9,9.8  c-2.4,5.6-1.4,12.3,2.5,17c-6.3,5.5-8.6,15.4-5.2,23.8c3.1,7.9,10.9,14.3,20.2,16.6c3.1,0.8,6.4,1.2,9.8,1.2c0.1,0,0.2,0,0.3,0v18  H14.1c-0.8,0-1.5,0.7-1.5,1.5s0.7,1.5,1.5,1.5h101.7c0.8,0,1.5-0.7,1.5-1.5S116.7,115.7,115.9,115.7z M92.6,49.4  c2.1,2,3.2,5.3,2.9,8.8c0,0.4,0.1,0.8,0.4,1.1c0.3,0.3,0.7,0.5,1.1,0.5c3.2,0,6.4,2.1,7.8,5c1.4,2.9,0.9,6.7-1.2,9.2  c-0.5,0.6-0.5,1.3,0,1.9c4,4.8,4.6,12.3,1.5,17.7c-1.1,1.8-2.6,3.5-4.4,4.8c-3.1,2.2-6.8,3.1-10.6,3.2V78.5l8.8-9.5  c0.6-0.6,0.5-1.6-0.1-2.1c-0.6-0.6-1.6-0.5-2.1,0.1L90,74.1V60.4c0-0.8-0.7-1.5-1.5-1.5S87,59.6,87,60.4v25.2c-2-2.6-4.2-5-6.5-7.3  c-0.6-0.6-1.5-0.6-2.1,0c-0.6,0.6-0.6,1.5,0,2.1c3.2,3.1,6.1,6.5,8.6,10.2v10.7c-3.5-0.3-7-1.1-9.9-2.3c-4.4-1.7-7.7-4.6-9.1-8  c-2-4.9,0.2-11.2,4.9-13.8c0.4-0.2,0.7-0.7,0.8-1.2c0-0.5-0.2-1-0.6-1.3c-2.9-2.2-4.1-6.4-2.8-9.8c1.2-3.2,4.5-5.4,7.9-5.4  c0.2,0,0.5,0,0.7,0c0.4,0,0.9-0.1,1.2-0.4c0.3-0.3,0.5-0.7,0.5-1.2c-0.1-2.5,0.1-4.4,0.6-6c0.6-1.9,1.8-3.5,3.3-4.3  C86.9,46.5,90.4,47.2,92.6,49.4z M42,93.6c-8.4-2.1-15.4-7.8-18.2-14.8c-3-7.7-0.6-17,5.5-21.3c0.4-0.3,0.6-0.7,0.6-1.1  c0-0.4-0.1-0.9-0.5-1.2c-3.9-3.7-5.1-10-3-14.9c2.1-4.9,7.6-8.3,12.9-8c0.5,0,1-0.2,1.3-0.6c0.3-0.4,0.4-0.9,0.3-1.3  c-1.4-5,0.6-10.8,4.8-13.7c4.2-3,10.3-3,14.6-0.1c4.2,3,6.3,8.7,4.9,13.7c-0.1,0.5,0,1,0.3,1.4c0.3,0.4,0.8,0.6,1.3,0.5  c3.8-0.3,7.8,1.2,10.4,4.1c2.6,2.9,3.7,7,2.9,10.8c0,0.2,0,0.5,0,0.7c-0.8,1-1.4,2.2-1.9,3.5c-0.5,1.6-0.8,3.4-0.8,5.5  C73.1,57,69,59.9,67.4,64c-1.5,4-0.5,8.7,2.3,11.9c-4.8,3.8-6.8,10.7-4.5,16.5c0,0.1,0.1,0.1,0.1,0.2c-3.8,1.1-7.4,1.8-10.9,2V60.8  c0.1-0.1,0.2-0.2,0.3-0.3c3.8-4.9,8.1-9.3,12.9-13.3c0.6-0.5,0.7-1.5,0.2-2.1c-0.5-0.6-1.5-0.7-2.1-0.2c-4.1,3.4-7.9,7.1-11.3,11.2  V33.2c0-0.8-0.7-1.5-1.5-1.5s-1.5,0.7-1.5,1.5v39.3c-3.1-4.1-6.7-7.8-10.7-11c-0.6-0.5-1.6-0.4-2.1,0.2c-0.5,0.6-0.4,1.6,0.2,2.1  c4.8,3.9,9,8.5,12.5,13.6c0,0.1,0.1,0.1,0.1,0.2v17C48.1,94.6,45,94.3,42,93.6z M54.4,97.5c4-0.3,8.1-1.1,12.4-2.3  c2.1,2.9,5.3,5.3,9.2,6.8c3.3,1.3,7.1,2.2,11,2.5v11.2H54.4V97.5z\"><\/path><\/svg>\t\t\t\t<\/a>\n\t\t\t<\/div>\n\t\t\t\n\t\t\t\t\t\t<div class=\"elementor-icon-box-content\">\n\n\t\t\t\t\t\t\t\t\t<h3 class=\"elementor-icon-box-title\">\n\t\t\t\t\t\t<a href=\"https:\/\/naturalcapitalfactory.es\/en\/sector-forestal\/\" >\n\t\t\t\t\t\t\tForestry Sector\t\t\t\t\t\t<\/a>\n\t\t\t\t\t<\/h3>\n\t\t\t\t\n\t\t\t\t\n\t\t\t<\/div>\n\t\t\t\n\t\t<\/div>\n\t\t\t\t\t\t<\/div>\n\t\t\t\t<\/div>\n\t\t\t\t<\/div>\n\t\t<div class=\"elementor-element elementor-element-ac2d859 e-con-full e-flex e-con e-child\" data-id=\"ac2d859\" data-element_type=\"container\" data-e-type=\"container\" data-settings=\"{&quot;background_background&quot;:&quot;classic&quot;}\">\n\t\t\t\t<div class=\"elementor-element elementor-element-8597fbe elementor-widget__width-initial elementor-widget-mobile__width-inherit elementor-widget-tablet__width-initial elementor-view-default elementor-position-block-start elementor-mobile-position-block-start elementor-invisible elementor-widget elementor-widget-icon-box\" data-id=\"8597fbe\" data-element_type=\"widget\" data-e-type=\"widget\" data-settings=\"{&quot;_animation&quot;:&quot;fadeInUp&quot;}\" data-widget_type=\"icon-box.default\">\n\t\t\t\t<div class=\"elementor-widget-container\">\n\t\t\t\t\t\t\t<div class=\"elementor-icon-box-wrapper\">\n\n\t\t\t\t\t\t<div class=\"elementor-icon-box-icon\">\n\t\t\t\t<a href=\"https:\/\/naturalcapitalfactory.es\/en\/formacion\/\" class=\"elementor-icon\" tabindex=\"-1\" aria-label=\"Training\">\n\t\t\t\t<svg xmlns=\"http:\/\/www.w3.org\/2000\/svg\" xmlns:xlink=\"http:\/\/www.w3.org\/1999\/xlink\" id=\"Capa_1\" x=\"0px\" y=\"0px\" viewbox=\"0 0 130 130\" xml:space=\"preserve\"><path fill=\"#07B9EE\" d=\"M113.5,73.8c-1.2-1.5-3.4-2.3-5.8-2.2c-2,0.1-3.7,0.7-5.4,1.6c-1.8-3.1-4-6.1-7.1-8.2  c-3.6-2.5-8.1-3-11.4-1.5c-2-3.2-5.4-5.5-9.1-6.3c0-0.2-0.1-0.5-0.1-0.7c1-5.3,2.8-10.3,5.5-15c2.1,1.8,4.8,3,7.6,3.3  c0.5,0,1,0.1,1.4,0.1c5.4,0,10.6-3,13.4-7.9c1.5-2.7,2.3-5.6,3-8.5c0.3-1.3,0.7-2.7,1.1-4c0.7-2.1,1.6-3.9,2.8-5.3  c0.5-0.6,1.3-1,2.1-1.5c1-0.6,2.1-1.2,2.8-2.2c0.5-0.6,0.4-1.5-0.2-2C109,9.4,100.5,9,94.6,10.4c-6.7,1.5-12.6,5.7-16.3,11.5  c-1.7,2.7-3.6,6.9-3,11.6c0.3,2.1,1.2,4.1,2.5,5.8c-2.1,3.6-3.8,7.5-5,11.5c-1.1-2.8-2.6-5.5-4.4-8c2.4-3.2,3.4-7.5,2.1-11.3  c-1.3-3.9-4.3-6.4-6.6-7.9c-4.4-2.8-9.9-4-15.1-3.2c-1,0.1-9.7,1.5-11.1,5.7c-1,2.9,1.9,5,4.3,6.6c0.9,0.6,2,1.4,2.3,1.9  c0.7,1.1,1.3,2.2,1.9,3.4c0.9,1.7,1.8,3.6,3.1,5.1c2.4,2.7,6,4.2,9.7,4.2c2,0,4-0.5,5.7-1.4c0.6-0.3,1.1-0.7,1.6-1  c2.5,3.5,4.3,7.5,5.2,11.7c0,0.2-0.1,0.3-0.1,0.5c-4.4,0.3-8.5,3-10.6,6.8c-3.1-1.5-6.8-1.4-9.9,0.2c-3.2,1.7-5.4,4.9-5.9,8.4  c-3.9,0.8-7.9,2.4-11.7,4.8C26.2,81.9,20.8,88.5,15.6,95c-0.5,0.6-0.4,1.6,0.2,2.1c0.3,0.2,0.6,0.3,0.9,0.3c0.4,0,0.9-0.2,1.2-0.6  C23,90.6,28.2,84.2,35,79.8c3.8-2.4,7.8-4,11.7-4.6c0,0,0,0,0.1,0c3.7-0.5,7.2-0.3,10.4,0.9c0.8,0.3,1.5,0.6,2.3,1  c1.5,0.7,3.1,1.4,4.8,1.7c2.2,0.4,4.3,0.3,6.4,0.1c1.6-0.1,3-0.2,4.5-0.1c3.5,0.3,6.7,2.2,8.7,5.1c0.2,0.3,0.4,0.7,0.6,1  c0,0,0,0,0,0c0,0.4,0.2,0.7,0.4,1c0.1,0.3,0.2,0.6,0.2,0.9c0,0.9-0.3,1.8-0.9,2.2c-0.6,0.4-1.5,0.5-2.7,0.5l-20.2,0.5  c-0.2,0-0.4-0.1-0.6,0l-0.6,0.1c-0.8,0.1-1.4,0.8-1.3,1.6c0.1,0.8,0.7,1.4,1.5,1.4c0,0,0,0,0,0l21.2-0.5c1.2,0,2.9-0.1,4.3-1  c1.5-1,2.3-2.9,2.2-4.8c0-0.2,0-0.4-0.1-0.5c3.9-0.8,7-3.4,10.1-6c1.4-1.2,2.8-2.3,4.2-3.3c0.2,0,0.4-0.1,0.6-0.2  c0.2-0.1,0.4-0.3,0.5-0.5c1.5-0.9,3.1-1.5,4.8-1.6c1.5-0.1,2.7,0.3,3.3,1.1c1.4,1.7-0.3,4.9-0.8,5.8c-6,10-17.5,15.6-28,19.7  c-5.7,2.2-12.3,4.7-19,4.8c-1.6,0-3.2-0.1-4.8-0.2c-3.2-0.2-6.5-0.4-9.8,0.4c-6.1,1.4-11.2,6.2-12.9,12.2c-0.2,0.8,0.2,1.6,1,1.9  c0.1,0,0.3,0.1,0.4,0.1c0.6,0,1.2-0.4,1.4-1.1c1.4-4.9,5.8-9,10.7-10.2c2.9-0.7,5.8-0.5,9-0.3c1.6,0.1,3.3,0.2,5,0.2  c7.2-0.1,14.2-2.6,20.1-5c11-4.3,23-10.2,29.5-21C115.2,79.4,115.4,76,113.5,73.8z M78.3,33c-0.5-3.7,1.1-7.2,2.5-9.5  c3.3-5.1,8.5-8.8,14.4-10.2c1.8-0.4,3.7-0.6,5.7-0.6c3.4,0,6.8,0.6,9.4,2.1c-0.2,0.1-0.4,0.3-0.6,0.4c-1,0.6-2,1.2-2.8,2.2  c-1.4,1.7-2.5,3.8-3.3,6.3c-0.4,1.4-0.8,2.8-1.1,4.2c-0.7,2.8-1.3,5.4-2.6,7.7c-2.4,4.2-7.4,6.8-12,6.3c-2.4-0.2-4.6-1.4-6.3-3  C85.3,33,90.3,28,96.1,24.2c0.7-0.5,0.9-1.4,0.4-2.1c-0.5-0.7-1.4-0.9-2.1-0.4c-5.9,3.8-10.9,9-14.8,14.8C79,35.4,78.5,34.2,78.3,33  z M63.3,43.3c-3.7,2-8.9,1.1-11.7-2.2c-1.1-1.3-1.9-2.8-2.7-4.5c-0.6-1.3-1.3-2.6-2.1-3.8c-0.6-1-1.8-1.8-3.1-2.7  c-1.3-0.9-3.4-2.4-3.1-3.2c0.5-1.5,4.9-3.1,8.7-3.7c0.9-0.1,1.8-0.2,2.7-0.2c3.6,0,7.3,1,10.3,3c2.7,1.7,4.6,3.9,5.4,6.3  c0.9,2.6,0.3,5.6-1.2,7.9c-3.5-3.9-7.8-7.1-12.6-9.1c-0.8-0.3-1.6,0.1-2,0.8c-0.3,0.8,0.1,1.6,0.8,2c4.5,1.9,8.5,4.8,11.7,8.5  C64.1,42.8,63.7,43.1,63.3,43.3z M95.9,77.9c-3,2.5-5.8,4.9-9.1,5.4c-0.2-0.3-0.4-0.7-0.6-1.1c-2.5-3.6-6.5-6-10.9-6.4  c-1.7-0.2-3.4,0-5,0.1c-1.9,0.2-3.8,0.3-5.5,0c-1.4-0.3-2.7-0.9-4.1-1.5c-0.8-0.4-1.6-0.7-2.4-1c-3.1-1.2-6.5-1.6-10-1.3  c0.6-2.2,2.1-4.3,4.1-5.3c2.6-1.3,5.9-1.1,8.3,0.5c0.4,0.3,0.8,0.3,1.3,0.2c0.4-0.1,0.8-0.5,1-0.9c1.5-3.7,5.4-6.4,9.4-6.5  c4.1-0.1,8,2.5,9.6,6.1c0.2,0.4,0.5,0.7,1,0.8c0.4,0.1,0.9,0,1.3-0.2c2.9-2,6.9-1.1,9.5,0.7c2.6,1.8,4.5,4.5,6.2,7.4  C98.5,75.8,97.2,76.8,95.9,77.9z\"><\/path><\/svg>\t\t\t\t<\/a>\n\t\t\t<\/div>\n\t\t\t\n\t\t\t\t\t\t<div class=\"elementor-icon-box-content\">\n\n\t\t\t\t\t\t\t\t\t<h3 class=\"elementor-icon-box-title\">\n\t\t\t\t\t\t<a href=\"https:\/\/naturalcapitalfactory.es\/en\/formacion\/\" >\n\t\t\t\t\t\t\tTraining\t\t\t\t\t\t<\/a>\n\t\t\t\t\t<\/h3>\n\t\t\t\t\n\t\t\t\t\n\t\t\t<\/div>\n\t\t\t\n\t\t<\/div>\n\t\t\t\t\t\t<\/div>\n\t\t\t\t<\/div>\n\t\t\t\t<div class=\"elementor-element elementor-element-a9a9809 elementor-widget__width-initial elementor-widget-mobile__width-inherit elementor-widget-tablet__width-initial elementor-view-default elementor-position-block-start elementor-mobile-position-block-start elementor-invisible elementor-widget elementor-widget-icon-box\" data-id=\"a9a9809\" data-element_type=\"widget\" data-e-type=\"widget\" data-settings=\"{&quot;_animation&quot;:&quot;fadeInUp&quot;}\" data-widget_type=\"icon-box.default\">\n\t\t\t\t<div class=\"elementor-widget-container\">\n\t\t\t\t\t\t\t<div class=\"elementor-icon-box-wrapper\">\n\n\t\t\t\t\t\t<div class=\"elementor-icon-box-icon\">\n\t\t\t\t<a href=\"https:\/\/naturalcapitalfactory.es\/en\/sbn-y-sector-publico\/\" class=\"elementor-icon\" tabindex=\"-1\" aria-label=\"NBS and Public Sector\">\n\t\t\t\t<svg xmlns=\"http:\/\/www.w3.org\/2000\/svg\" xmlns:xlink=\"http:\/\/www.w3.org\/1999\/xlink\" id=\"Capa_1\" x=\"0px\" y=\"0px\" viewbox=\"0 0 130 130\" xml:space=\"preserve\"><g>\t<path fill=\"#07B9EE\" d=\"M65.7,66.3C79.7,66.3,91,55,91,41c0-14-11.4-25.3-25.3-25.3S40.4,27,40.4,41C40.4,55,51.7,66.3,65.7,66.3z    M65.7,18.7C78,18.7,88,28.7,88,41S78,63.3,65.7,63.3S43.4,53.3,43.4,41S53.4,18.7,65.7,18.7z\"><\/path>\t<path fill=\"#07B9EE\" d=\"M65,66.6c-23,0-41.7,20.8-41.7,46.3v1.5h83.4v-1.5C106.7,87.3,88,66.6,65,66.6z M26.3,111.3   C27,88.2,44.1,69.6,65,69.6c20.9,0,38,18.6,38.7,41.8H26.3z\"><\/path><\/g><\/svg>\t\t\t\t<\/a>\n\t\t\t<\/div>\n\t\t\t\n\t\t\t\t\t\t<div class=\"elementor-icon-box-content\">\n\n\t\t\t\t\t\t\t\t\t<h3 class=\"elementor-icon-box-title\">\n\t\t\t\t\t\t<a href=\"https:\/\/naturalcapitalfactory.es\/en\/sbn-y-sector-publico\/\" >\n\t\t\t\t\t\t\tNBS and Public Sector\t\t\t\t\t\t<\/a>\n\t\t\t\t\t<\/h3>\n\t\t\t\t\n\t\t\t\t\n\t\t\t<\/div>\n\t\t\t\n\t\t<\/div>\n\t\t\t\t\t\t<\/div>\n\t\t\t\t<\/div>\n\t\t\t\t<\/div>\n\t\t\t\t\t<\/div>\n\t\t\t\t<\/div>\n\t\t\t\t<\/div>","protected":false},"excerpt":{"rendered":"<p>Grupos de trabajo Capital Naturaly Energ\u00eda MecanismosEmergentes deFinanciaci\u00f3n parala Naturaleza Sector Forestal Formaci\u00f3n SBN y Sector P\u00fablico<\/p>","protected":false},"author":2,"featured_media":0,"parent":0,"menu_order":0,"comment_status":"closed","ping_status":"closed","template":"","meta":{"footnotes":""},"class_list":["post-57","page","type-page","status-publish","hentry"],"_links":{"self":[{"href":"https:\/\/naturalcapitalfactory.es\/en\/wp-json\/wp\/v2\/pages\/57","targetHints":{"allow":["GET"]}}],"collection":[{"href":"https:\/\/naturalcapitalfactory.es\/en\/wp-json\/wp\/v2\/pages"}],"about":[{"href":"https:\/\/naturalcapitalfactory.es\/en\/wp-json\/wp\/v2\/types\/page"}],"author":[{"embeddable":true,"href":"https:\/\/naturalcapitalfactory.es\/en\/wp-json\/wp\/v2\/users\/2"}],"replies":[{"embeddable":true,"href":"https:\/\/naturalcapitalfactory.es\/en\/wp-json\/wp\/v2\/comments?post=57"}],"version-history":[{"count":50,"href":"https:\/\/naturalcapitalfactory.es\/en\/wp-json\/wp\/v2\/pages\/57\/revisions"}],"predecessor-version":[{"id":1761,"href":"https:\/\/naturalcapitalfactory.es\/en\/wp-json\/wp\/v2\/pages\/57\/revisions\/1761"}],"wp:attachment":[{"href":"https:\/\/naturalcapitalfactory.es\/en\/wp-json\/wp\/v2\/media?parent=57"}],"curies":[{"name":"wp","href":"https:\/\/api.w.org\/{rel}","templated":true}]}}