{"id":414,"date":"2024-07-16T10:37:26","date_gmt":"2024-07-16T10:37:26","guid":{"rendered":"https:\/\/new.naturalcapitalfactory.es\/?page_id=414"},"modified":"2024-12-11T12:58:38","modified_gmt":"2024-12-11T11:58:38","slug":"acerca-de","status":"publish","type":"page","link":"https:\/\/naturalcapitalfactory.es\/en\/acerca-de\/","title":{"rendered":"About"},"content":{"rendered":"<div data-elementor-type=\"wp-page\" data-elementor-id=\"414\" class=\"elementor elementor-414\" data-elementor-post-type=\"page\">\n\t\t\t\t<div class=\"elementor-element elementor-element-7d1d69c e-flex e-con-boxed e-con e-parent\" data-id=\"7d1d69c\" data-element_type=\"container\" data-e-type=\"container\" data-settings=\"{&quot;background_background&quot;:&quot;classic&quot;}\">\n\t\t\t\t\t<div class=\"e-con-inner\">\n\t\t\t\t<div class=\"elementor-element elementor-element-d4372bd elementor-widget elementor-widget-heading\" data-id=\"d4372bd\" data-element_type=\"widget\" data-e-type=\"widget\" data-widget_type=\"heading.default\">\n\t\t\t\t<div class=\"elementor-widget-container\">\n\t\t\t\t\t<h1 class=\"elementor-heading-title elementor-size-default\">About<\/h1>\t\t\t\t<\/div>\n\t\t\t\t<\/div>\n\t\t\t\t<div class=\"elementor-element elementor-element-5d005f4 elementor-widget elementor-widget-heading\" data-id=\"5d005f4\" data-element_type=\"widget\" data-e-type=\"widget\" data-widget_type=\"heading.default\">\n\t\t\t\t<div class=\"elementor-widget-container\">\n\t\t\t\t\t<h3 class=\"elementor-heading-title elementor-size-default\">The Natural Capital Factory is the Spanish platform of the Capitals Coalition, a global collaboration that redefines value to transform decision-making<\/h3>\t\t\t\t<\/div>\n\t\t\t\t<\/div>\n\t\t\t\t<div class=\"elementor-element elementor-element-0b67fb4 elementor-invisible elementor-widget elementor-widget-image\" data-id=\"0b67fb4\" data-element_type=\"widget\" data-e-type=\"widget\" data-settings=\"{&quot;_animation&quot;:&quot;fadeInLeft&quot;}\" data-widget_type=\"image.default\">\n\t\t\t\t<div class=\"elementor-widget-container\">\n\t\t\t\t\t\t\t\t\t\t\t\t\t\t\t<img decoding=\"async\" width=\"205\" height=\"73\" src=\"https:\/\/naturalcapitalfactory.es\/wp-content\/uploads\/2024\/06\/Recurso_grafico.svg\" class=\"attachment-large size-large wp-image-115\" alt=\"\" \/>\t\t\t\t\t\t\t\t\t\t\t\t\t\t\t<\/div>\n\t\t\t\t<\/div>\n\t\t\t\t<div class=\"elementor-element elementor-element-0314bbb elementor-align-left animated-slow elementor-invisible elementor-widget elementor-widget-lottie\" data-id=\"0314bbb\" data-element_type=\"widget\" data-e-type=\"widget\" data-settings=\"{&quot;source_json&quot;:{&quot;url&quot;:&quot;https:\\\/\\\/naturalcapitalfactory.es\\\/wp-content\\\/uploads\\\/2024\\\/06\\\/wired-outline-33-chevron-down-white.json&quot;,&quot;id&quot;:124,&quot;size&quot;:&quot;&quot;,&quot;alt&quot;:&quot;&quot;,&quot;source&quot;:&quot;library&quot;},&quot;trigger&quot;:&quot;on_hover&quot;,&quot;link_to&quot;:&quot;custom&quot;,&quot;custom_link&quot;:{&quot;url&quot;:&quot;#busca&quot;,&quot;is_external&quot;:&quot;&quot;,&quot;nofollow&quot;:&quot;&quot;,&quot;custom_attributes&quot;:&quot;&quot;},&quot;_animation&quot;:&quot;fadeIn&quot;,&quot;_animation_delay&quot;:600,&quot;source&quot;:&quot;media_file&quot;,&quot;caption_source&quot;:&quot;none&quot;,&quot;on_hover_out&quot;:&quot;default&quot;,&quot;hover_area&quot;:&quot;animation&quot;,&quot;play_speed&quot;:{&quot;unit&quot;:&quot;px&quot;,&quot;size&quot;:1,&quot;sizes&quot;:[]},&quot;start_point&quot;:{&quot;unit&quot;:&quot;%&quot;,&quot;size&quot;:0,&quot;sizes&quot;:[]},&quot;end_point&quot;:{&quot;unit&quot;:&quot;%&quot;,&quot;size&quot;:100,&quot;sizes&quot;:[]},&quot;renderer&quot;:&quot;svg&quot;}\" data-widget_type=\"lottie.default\">\n\t\t\t\t<div class=\"elementor-widget-container\">\n\t\t\t\t\t<a class=\"e-lottie__container__link\" href=\"#busca\"><div class=\"e-lottie__container\"><div class=\"e-lottie__animation\"><\/div><\/div><\/a>\t\t\t\t<\/div>\n\t\t\t\t<\/div>\n\t\t\t\t\t<\/div>\n\t\t\t\t<\/div>\n\t\t<div class=\"elementor-element elementor-element-0aa604c e-flex e-con-boxed e-con e-parent\" data-id=\"0aa604c\" data-element_type=\"container\" data-e-type=\"container\" id=\"busca\" data-settings=\"{&quot;background_background&quot;:&quot;classic&quot;}\" data-midnight=\"beige\">\n\t\t\t\t\t<div class=\"e-con-inner\">\n\t\t<div class=\"elementor-element elementor-element-0c48d50 e-con-full e-flex e-con e-child\" data-id=\"0c48d50\" data-element_type=\"container\" data-e-type=\"container\">\n\t\t\t\t<div class=\"elementor-element elementor-element-0615627 elementor-widget elementor-widget-heading\" data-id=\"0615627\" data-element_type=\"widget\" data-e-type=\"widget\" data-widget_type=\"heading.default\">\n\t\t\t\t<div class=\"elementor-widget-container\">\n\t\t\t\t\t<h2 class=\"elementor-heading-title elementor-size-default\">What does the NCF aim to achieve?<\/h2>\t\t\t\t<\/div>\n\t\t\t\t<\/div>\n\t\t\t\t<div class=\"elementor-element elementor-element-ad7c7d5 elementor-widget elementor-widget-text-editor\" data-id=\"ad7c7d5\" data-element_type=\"widget\" data-e-type=\"widget\" data-widget_type=\"text-editor.default\">\n\t\t\t\t<div class=\"elementor-widget-container\">\n\t\t\t\t\t\t\t\t\t<ul><li>To improve<strong> the integration of biodiversity values and ecosystem services in the decision making<\/strong> processes of Spanish entities at all levels.\u00a0<\/li><li><strong>Promote the application of the natural capital approach<\/strong> across all sectors, facilitating collaboration in working groups and providing practical training for professionals to understand and act on the impact and dependence of their organizations on natural capital in their respective contexts.<\/li><\/ul><p>The NCF aspires <strong>to strengthen the nature agenda in Spain,<\/strong>leveraging the importance of addressing the risks, dependencies, and opportunities arising from a better and greater understanding of business relationships with natural capital, for the benefit of the planet, people, and businesses.<\/p>\t\t\t\t\t\t\t\t<\/div>\n\t\t\t\t<\/div>\n\t\t\t\t<div class=\"elementor-element elementor-element-df3a7a2 elementor-widget elementor-widget-spacer\" data-id=\"df3a7a2\" data-element_type=\"widget\" data-e-type=\"widget\" data-widget_type=\"spacer.default\">\n\t\t\t\t<div class=\"elementor-widget-container\">\n\t\t\t\t\t\t\t<div class=\"elementor-spacer\">\n\t\t\t<div class=\"elementor-spacer-inner\"><\/div>\n\t\t<\/div>\n\t\t\t\t\t\t<\/div>\n\t\t\t\t<\/div>\n\t\t\t\t<\/div>\n\t\t<div class=\"elementor-element elementor-element-1f32537 e-con-full e-flex e-con e-child\" data-id=\"1f32537\" data-element_type=\"container\" data-e-type=\"container\">\n\t\t\t\t<div class=\"elementor-element elementor-element-42463be animated-fast elementor-invisible elementor-widget elementor-widget-image\" data-id=\"42463be\" data-element_type=\"widget\" data-e-type=\"widget\" data-settings=\"{&quot;_animation&quot;:&quot;fadeInUp&quot;}\" data-widget_type=\"image.default\">\n\t\t\t\t<div class=\"elementor-widget-container\">\n\t\t\t\t\t\t\t\t\t\t\t\t\t\t\t<img fetchpriority=\"high\" decoding=\"async\" width=\"637\" height=\"1024\" src=\"https:\/\/naturalcapitalfactory.es\/wp-content\/uploads\/2024\/07\/Foto_camino-637x1024.jpg\" class=\"attachment-large size-large wp-image-444\" alt=\"\" srcset=\"https:\/\/naturalcapitalfactory.es\/wp-content\/uploads\/2024\/07\/Foto_camino-637x1024.jpg 637w, https:\/\/naturalcapitalfactory.es\/wp-content\/uploads\/2024\/07\/Foto_camino-187x300.jpg 187w, https:\/\/naturalcapitalfactory.es\/wp-content\/uploads\/2024\/07\/Foto_camino-768x1235.jpg 768w, https:\/\/naturalcapitalfactory.es\/wp-content\/uploads\/2024\/07\/Foto_camino-955x1536.jpg 955w, https:\/\/naturalcapitalfactory.es\/wp-content\/uploads\/2024\/07\/Foto_camino.jpg 995w\" sizes=\"(max-width: 637px) 100vw, 637px\" \/>\t\t\t\t\t\t\t\t\t\t\t\t\t\t\t<\/div>\n\t\t\t\t<\/div>\n\t\t\t\t<\/div>\n\t\t\t\t\t<\/div>\n\t\t\t\t<\/div>\n\t\t<div class=\"elementor-element elementor-element-b84f53c e-flex e-con-boxed e-con e-parent\" data-id=\"b84f53c\" data-element_type=\"container\" data-e-type=\"container\" data-settings=\"{&quot;background_background&quot;:&quot;classic&quot;}\" data-midnight=\"beige\">\n\t\t\t\t\t<div class=\"e-con-inner\">\n\t\t<div class=\"elementor-element elementor-element-f65a7ec e-con-full e-flex e-con e-child\" data-id=\"f65a7ec\" data-element_type=\"container\" data-e-type=\"container\">\n\t\t\t\t<div class=\"elementor-element elementor-element-e2f3a58 animated-fast elementor-invisible elementor-widget elementor-widget-image\" data-id=\"e2f3a58\" data-element_type=\"widget\" data-e-type=\"widget\" data-settings=\"{&quot;_animation&quot;:&quot;fadeInUp&quot;}\" data-widget_type=\"image.default\">\n\t\t\t\t<div class=\"elementor-widget-container\">\n\t\t\t\t\t\t\t\t\t\t\t\t\t\t\t<img decoding=\"async\" width=\"682\" height=\"1024\" src=\"https:\/\/naturalcapitalfactory.es\/wp-content\/uploads\/2024\/11\/Champinones-682x1024.jpg\" class=\"attachment-large size-large wp-image-1856\" alt=\"\" srcset=\"https:\/\/naturalcapitalfactory.es\/wp-content\/uploads\/2024\/11\/Champinones-682x1024.jpg 682w, https:\/\/naturalcapitalfactory.es\/wp-content\/uploads\/2024\/11\/Champinones-200x300.jpg 200w, https:\/\/naturalcapitalfactory.es\/wp-content\/uploads\/2024\/11\/Champinones-768x1152.jpg 768w, https:\/\/naturalcapitalfactory.es\/wp-content\/uploads\/2024\/11\/Champinones-8x12.jpg 8w, https:\/\/naturalcapitalfactory.es\/wp-content\/uploads\/2024\/11\/Champinones.jpg 853w\" sizes=\"(max-width: 682px) 100vw, 682px\" \/>\t\t\t\t\t\t\t\t\t\t\t\t\t\t\t<\/div>\n\t\t\t\t<\/div>\n\t\t\t\t<\/div>\n\t\t<div class=\"elementor-element elementor-element-0a039cc e-con-full e-flex e-con e-child\" data-id=\"0a039cc\" data-element_type=\"container\" data-e-type=\"container\">\n\t\t\t\t<div class=\"elementor-element elementor-element-41de761 elementor-widget elementor-widget-heading\" data-id=\"41de761\" data-element_type=\"widget\" data-e-type=\"widget\" data-widget_type=\"heading.default\">\n\t\t\t\t<div class=\"elementor-widget-container\">\n\t\t\t\t\t<h2 class=\"elementor-heading-title elementor-size-default\">Principles <\/h2>\t\t\t\t<\/div>\n\t\t\t\t<\/div>\n\t\t\t\t<div class=\"elementor-element elementor-element-2f09093 elementor-widget elementor-widget-text-editor\" data-id=\"2f09093\" data-element_type=\"widget\" data-e-type=\"widget\" data-widget_type=\"text-editor.default\">\n\t\t\t\t<div class=\"elementor-widget-container\">\n\t\t\t\t\t\t\t\t\t<ul><li><strong>Transform decision making<\/strong> <strong>by including the value provided<\/strong> <strong>la<\/strong> <strong>by nature<\/strong><strong>.<br \/><br \/><\/strong><\/li><li><strong>Promote the integration of natural capital\u00a0<\/strong>in our activities.<br \/><br \/><\/li><li><strong>Work in a collaborative<\/strong>, <strong>open and inclusive manner<\/strong>; promote participation and interaction among different stakeholders.<br \/><br \/><\/li><li>Contribute to <strong>increasing the application of the natural capital approach<\/strong>\u00a0in decision making, going beyond awareness.<\/li><\/ul>\t\t\t\t\t\t\t\t<\/div>\n\t\t\t\t<\/div>\n\t\t\t\t<\/div>\n\t\t\t\t\t<\/div>\n\t\t\t\t<\/div>\n\t\t<div class=\"elementor-element elementor-element-a8c2980 e-flex e-con-boxed e-con e-parent\" data-id=\"a8c2980\" data-element_type=\"container\" data-e-type=\"container\" data-settings=\"{&quot;background_background&quot;:&quot;classic&quot;}\">\n\t\t\t\t\t<div class=\"e-con-inner\">\n\t\t\t\t<div class=\"elementor-element elementor-element-e8fe3e9 elementor-widget__width-initial elementor-widget-mobile__width-inherit elementor-widget-tablet__width-initial elementor-view-default elementor-position-block-start elementor-mobile-position-block-start elementor-invisible elementor-widget elementor-widget-icon-box\" data-id=\"e8fe3e9\" data-element_type=\"widget\" data-e-type=\"widget\" data-settings=\"{&quot;_animation&quot;:&quot;fadeInLeft&quot;}\" data-widget_type=\"icon-box.default\">\n\t\t\t\t<div class=\"elementor-widget-container\">\n\t\t\t\t\t\t\t<div class=\"elementor-icon-box-wrapper\">\n\n\t\t\t\t\t\t<div class=\"elementor-icon-box-icon\">\n\t\t\t\t<a href=\"https:\/\/ecoacsa.com\/biodiversidad-corporativa\/\" class=\"elementor-icon\" tabindex=\"-1\" aria-label=\"Mission\" target=\"_blank\" rel=\"noopener noreferrer nofollow\">\n\t\t\t\t<svg xmlns=\"http:\/\/www.w3.org\/2000\/svg\" id=\"Capa_1\" data-name=\"Capa 1\" viewbox=\"0 0 160 160\"><path d=\"M142.55,58.16c2.39,6.84,3.68,14.19,3.68,21.84,0,36.58-29.65,66.23-66.23,66.23S13.77,116.58,13.77,80,43.42,13.77,80,13.77c7.22,0,14.17,1.16,20.68,3.29\" fill=\"none\" stroke=\"#07b9ee\" stroke-linecap=\"round\" stroke-linejoin=\"round\" stroke-width=\"4\"><\/path><path d=\"M124.81,73.82c.28,2.02.42,4.09.42,6.18,0,24.98-20.25,45.23-45.23,45.23s-45.23-20.25-45.23-45.23,20.25-45.23,45.23-45.23c1.89,0,3.75.12,5.58.34\" fill=\"none\" stroke=\"#07b9ee\" stroke-linecap=\"round\" stroke-linejoin=\"round\" stroke-width=\"4\"><\/path><path d=\"M103.7,77.34c.1.87.15,1.76.15,2.66,0,13.17-10.68,23.85-23.85,23.85s-23.85-10.68-23.85-23.85,10.68-23.85,23.85-23.85c1.14,0,2.27.08,3.37.24\" fill=\"none\" stroke=\"#07b9ee\" stroke-linecap=\"round\" stroke-linejoin=\"round\" stroke-width=\"4\"><\/path><polyline points=\"77.65 81.99 105.56 54.08 105.56 40.17 126.14 19.58 126.14 33.09 140.73 33.09 118.61 55.21 105.56 54.08\" fill=\"none\" stroke=\"#07b9ee\" stroke-linecap=\"round\" stroke-linejoin=\"round\" stroke-width=\"4\"><\/polyline><\/svg>\t\t\t\t<\/a>\n\t\t\t<\/div>\n\t\t\t\n\t\t\t\t\t\t<div class=\"elementor-icon-box-content\">\n\n\t\t\t\t\t\t\t\t\t<h3 class=\"elementor-icon-box-title\">\n\t\t\t\t\t\t<a href=\"https:\/\/ecoacsa.com\/biodiversidad-corporativa\/\" target=\"_blank\" rel=\"noopener noreferrer nofollow\">\n\t\t\t\t\t\t\tMission\t\t\t\t\t\t<\/a>\n\t\t\t\t\t<\/h3>\n\t\t\t\t\n\t\t\t\t\t\t\t\t\t<p class=\"elementor-icon-box-description\">\n\t\t\t\t\t\tOur mission is to scale the integration of biodiversity values and ecosystem services into the decision-making processes of Spanish entities. To achieve this, we promote the application of the natural capital approach, facilitate collaboration in working groups, and provide practical training to professionals.\t\t\t\t\t<\/p>\n\t\t\t\t\n\t\t\t<\/div>\n\t\t\t\n\t\t<\/div>\n\t\t\t\t\t\t<\/div>\n\t\t\t\t<\/div>\n\t\t\t\t<div class=\"elementor-element elementor-element-dc78ce5 elementor-widget__width-initial elementor-widget-mobile__width-inherit elementor-widget-tablet__width-initial elementor-view-default elementor-position-block-start elementor-mobile-position-block-start elementor-invisible elementor-widget elementor-widget-icon-box\" data-id=\"dc78ce5\" data-element_type=\"widget\" data-e-type=\"widget\" data-settings=\"{&quot;_animation&quot;:&quot;fadeInRight&quot;}\" data-widget_type=\"icon-box.default\">\n\t\t\t\t<div class=\"elementor-widget-container\">\n\t\t\t\t\t\t\t<div class=\"elementor-icon-box-wrapper\">\n\n\t\t\t\t\t\t<div class=\"elementor-icon-box-icon\">\n\t\t\t\t<a href=\"https:\/\/ecoacsa.com\/biodiversidad-corporativa\/\" class=\"elementor-icon\" tabindex=\"-1\" aria-label=\"Vision\" target=\"_blank\" rel=\"noopener noreferrer nofollow\">\n\t\t\t\t<svg xmlns=\"http:\/\/www.w3.org\/2000\/svg\" id=\"Capa_1\" data-name=\"Capa 1\" viewbox=\"0 0 160 160\"><path d=\"M4.23,79.39s18.22-40.08,74.39-40.08,77.16,40.19,77.16,40.19c0,0-25.52,41.18-75.77,41.18S4.23,79.39,4.23,79.39Z\" fill=\"none\" stroke=\"#07b9ee\" stroke-linecap=\"round\" stroke-linejoin=\"round\" stroke-width=\"4\"><\/path><circle cx=\"80\" cy=\"80.5\" r=\"40.18\" fill=\"none\" stroke=\"#07b9ee\" stroke-linecap=\"round\" stroke-linejoin=\"round\" stroke-width=\"4\"><\/circle><circle cx=\"80\" cy=\"79.18\" r=\"13.59\" fill=\"none\" stroke=\"#07b9ee\" stroke-linecap=\"round\" stroke-linejoin=\"round\" stroke-width=\"4\"><\/circle><\/svg>\t\t\t\t<\/a>\n\t\t\t<\/div>\n\t\t\t\n\t\t\t\t\t\t<div class=\"elementor-icon-box-content\">\n\n\t\t\t\t\t\t\t\t\t<h3 class=\"elementor-icon-box-title\">\n\t\t\t\t\t\t<a href=\"https:\/\/ecoacsa.com\/biodiversidad-corporativa\/\" target=\"_blank\" rel=\"noopener noreferrer nofollow\">\n\t\t\t\t\t\t\tVision\t\t\t\t\t\t<\/a>\n\t\t\t\t\t<\/h3>\n\t\t\t\t\n\t\t\t\t\t\t\t\t\t<p class=\"elementor-icon-box-description\">\n\t\t\t\t\t\tIt focuses on strengthening the nature agenda in Spain by addressing the impacts, dependencies, risks, and opportunities arising from a better understanding of business relationships with natural capital. Our aspiration is to transform business decision-making for the benefit of the planet, people, and businesses by redefining value and promoting sustainable practices and responsible management.\t\t\t\t\t<\/p>\n\t\t\t\t\n\t\t\t<\/div>\n\t\t\t\n\t\t<\/div>\n\t\t\t\t\t\t<\/div>\n\t\t\t\t<\/div>\n\t\t\t\t\t<\/div>\n\t\t\t\t<\/div>\n\t\t\t\t<\/div>","protected":false},"excerpt":{"rendered":"<p>Acerca de El Natural Capital Factory es la plataforma espa\u00f1ola de Capitals Coalition, una colaboraci\u00f3n global que redefine el valor para transformar la toma de decisiones \u00bfQu\u00e9 busca el NCF? Mejorar la integraci\u00f3n de los valores de la biodiversidad y los servicios ecosist\u00e9micos en la toma de decisiones de las entidades espa\u00f1olas a todos los [&hellip;]<\/p>","protected":false},"author":2,"featured_media":0,"parent":0,"menu_order":0,"comment_status":"closed","ping_status":"closed","template":"","meta":{"footnotes":""},"class_list":["post-414","page","type-page","status-publish","hentry"],"_links":{"self":[{"href":"https:\/\/naturalcapitalfactory.es\/en\/wp-json\/wp\/v2\/pages\/414","targetHints":{"allow":["GET"]}}],"collection":[{"href":"https:\/\/naturalcapitalfactory.es\/en\/wp-json\/wp\/v2\/pages"}],"about":[{"href":"https:\/\/naturalcapitalfactory.es\/en\/wp-json\/wp\/v2\/types\/page"}],"author":[{"embeddable":true,"href":"https:\/\/naturalcapitalfactory.es\/en\/wp-json\/wp\/v2\/users\/2"}],"replies":[{"embeddable":true,"href":"https:\/\/naturalcapitalfactory.es\/en\/wp-json\/wp\/v2\/comments?post=414"}],"version-history":[{"count":50,"href":"https:\/\/naturalcapitalfactory.es\/en\/wp-json\/wp\/v2\/pages\/414\/revisions"}],"predecessor-version":[{"id":1877,"href":"https:\/\/naturalcapitalfactory.es\/en\/wp-json\/wp\/v2\/pages\/414\/revisions\/1877"}],"wp:attachment":[{"href":"https:\/\/naturalcapitalfactory.es\/en\/wp-json\/wp\/v2\/media?parent=414"}],"curies":[{"name":"wp","href":"https:\/\/api.w.org\/{rel}","templated":true}]}}