{"id":1701,"date":"2024-09-18T12:42:09","date_gmt":"2024-09-18T10:42:09","guid":{"rendered":"https:\/\/naturalcapitalfactory.es\/?page_id=1701"},"modified":"2024-09-18T12:44:08","modified_gmt":"2024-09-18T10:44:08","slug":"politica-de-cookies","status":"publish","type":"page","link":"https:\/\/naturalcapitalfactory.es\/en\/politica-de-cookies\/","title":{"rendered":"Cookie policy"},"content":{"rendered":"<div data-elementor-type=\"wp-page\" data-elementor-id=\"1701\" class=\"elementor elementor-1701\" data-elementor-post-type=\"page\">\n\t\t\t\t<div class=\"elementor-element elementor-element-5dc4aea e-flex e-con-boxed e-con e-parent\" data-id=\"5dc4aea\" data-element_type=\"container\" data-e-type=\"container\">\n\t\t\t\t\t<div class=\"e-con-inner\">\n\t\t\t\t<div class=\"elementor-element elementor-element-c6cdb3e elementor-widget elementor-widget-heading\" data-id=\"c6cdb3e\" data-element_type=\"widget\" data-e-type=\"widget\" data-widget_type=\"heading.default\">\n\t\t\t\t<div class=\"elementor-widget-container\">\n\t\t\t\t\t<h1 class=\"elementor-heading-title elementor-size-default\">Cookie policy<\/h1>\t\t\t\t<\/div>\n\t\t\t\t<\/div>\n\t\t\t\t\t<\/div>\n\t\t\t\t<\/div>\n\t\t<div class=\"elementor-element elementor-element-b7cec26 e-flex e-con-boxed e-con e-parent\" data-id=\"b7cec26\" data-element_type=\"container\" data-e-type=\"container\">\n\t\t\t\t\t<div class=\"e-con-inner\">\n\t\t\t\t<div class=\"elementor-element elementor-element-3e3b594 elementor-widget elementor-widget-text-editor\" data-id=\"3e3b594\" data-element_type=\"widget\" data-e-type=\"widget\" data-widget_type=\"text-editor.default\">\n\t\t\t\t<div class=\"elementor-widget-container\">\n\t\t\t\t\t\t\t\t\t<div class=\"elementor-element elementor-element-d6bc3b4 elementor-widget elementor-widget-text-editor\" data-id=\"d6bc3b4\" data-element_type=\"widget\" data-widget_type=\"text-editor.default\"><div class=\"elementor-widget-container\"><p id=\"u6672-4\">De conformidad con el Real Decreto Ley 13\/2012 y su afectaci\u00f3n en el art\u00edculo 22.2 de la Ley de Servicios de la Sociedad de la Informaci\u00f3n y Comercio Electr\u00f3nico, la presente p\u00e1gina web recaba cookies de navegaci\u00f3n \u2014peque\u00f1os archivos que contienen una serie de caracteres que se env\u00edan a su explorador desde el servidor de un sitio web\u2014, propias y de terceros, con la finalidad de recoger informaci\u00f3n de entrada o identificaci\u00f3n de usuarios; reproducci\u00f3n y carga de formularios o plug-in de contenido; publicitarias; y estad\u00edsticas; entre otras.<\/p><p id=\"u6672-6\">La presente pol\u00edtica tiene como finalidad informarle de las diferentes cookies que www.naturalcapitalfactory.es recaba, propias o de terceros, exentas o no del deber de informar y los diferentes medios a trav\u00e9s de los cuales puede rechazar, permitir o bloquearlas. En cualquier caso, www.naturalcapitalfactory.es le informa de que el rechazo, bloqueo o no permisibilidad de cookies puede afectar a una correcta navegaci\u00f3n por los contenidos reproducidos en la p\u00e1gina web.<\/p><p id=\"u6672-8\">La informaci\u00f3n que naturalcapitalfactory.es recaba de cookies es de dos tipos:<\/p><p id=\"u6672-10\">\u2014 Cookies estrictamente necesarias para prestar un servicio o contenido solicitado por el usuario registrado. Estas tienen como finalidad recordar identificaciones de registros; preferencias de herramientas en la utilizaci\u00f3n de contenidos; interacci\u00f3n con los contenidos; localizaci\u00f3n de acceso a los contenidos. Este tipo de cookies pueden tener una duraci\u00f3n determinada: caducidad inminente; caducidad al finalizar sesi\u00f3n; caducidad temporal. A continuaci\u00f3n, se inserta cuadro informativo respecto a esta clase de cookies.<\/p><p id=\"u6672-12\">\u2014 Cookies estrictamente no necesarias para prestar servicios, como por ejemplo, publicidad de terceros; informaci\u00f3n de resultados; h\u00e1bitos de navegaci\u00f3n; mejora de rendimientos. Este tipo de cookies se caracterizan por obtener informaci\u00f3n con las siguientes finalidades: gestionar los espacios publicitarios; conocer los h\u00e1bitos de navegaci\u00f3n \u2014publicidad comportamental\u2014; analizar y medir resultados. Al igual que las anteriores, este tipo de cookies pueden tener una caducidad variable: inminente, diaria o un \u00e1mbito de tiempo mayor. Se inserta\u00a0 informaci\u00f3n sobre esta clase de cookies e informaci\u00f3n proporcionada por terceros sobre ellas.<\/p><p id=\"u6672-23\">Google Analytics: Recopilan informaci\u00f3n an\u00f3nima sobre la navegaci\u00f3n de los usuarios por el sitio web con el fin de generar datos estad\u00edsticos.\u00a0 M\u00e1s informaci\u00f3n en:\u00a0\u00a0<a class=\"nonblock\" href=\"http:\/\/www.google.com\/intl\/es\/analytics\/privacyoverview.html\" target=\"_blank\" rel=\"noopener noreferrer nofollow\">Centro de privacidad de Google<\/a>\u00a0y en\u00a0<a class=\"nonblock\" href=\"https:\/\/tools.google.com\/dlpage\/gaoptout?hl=es\" target=\"_blank\" rel=\"noopener noreferrer nofollow\">Complemento de inhabilitaci\u00f3n de Google Analytics<\/a>. Las cookies de este tipo son:<\/p><p id=\"u6672-25\">\u00a0__utma<\/p><p id=\"u6672-27\">\u00a0__utmb<\/p><p id=\"u6672-29\">\u00a0__utmc<\/p><p id=\"u6672-31\">\u00a0__utmz<\/p><p id=\"u6672-33\">\u00a0__gads<\/p><p id=\"u6672-37\">En caso de que no consintiera el tratamiento de dicha informaci\u00f3n, puede modificar la configuraci\u00f3n de su explorador. A tal efecto, se inserta enlace para que disponga de m\u00e1s informaci\u00f3n sobre la configuraci\u00f3n de navegadores o exploradores de Internet en relaci\u00f3n a los ajustes de cookies.\u00a0<a href=\"https:\/\/support.google.com\/chrome\/answer\/95647?co=GENIE.Platform%3DDesktop&amp;hl=es\" target=\"_blank\" rel=\"noopener noreferrer nofollow\">Chrome<\/a>.\u00a0<a href=\"https:\/\/support.apple.com\/es-es\/guide\/safari\/sfri11471\/mac\" target=\"_blank\" rel=\"noopener noreferrer nofollow\">Safari<\/a>,\u00a0<a href=\"https:\/\/blogs.opera.com\/news\/2015\/08\/how-to-manage-cookies-in-opera\/\" target=\"_blank\" rel=\"noopener noreferrer nofollow\">Opera<\/a>,\u00a0<a href=\"https:\/\/support.microsoft.com\/es-es\/help\/17442\/windows-internet-explorer-delete-manage-cookies\" target=\"_blank\" rel=\"noopener noreferrer nofollow\">Explorer\u00a0<\/a>and\u00a0<a href=\"https:\/\/support.mozilla.org\/es\/kb\/Borrar%20cookies\" target=\"_blank\" rel=\"noopener noreferrer nofollow\">Firefox<\/a>.<\/p><p id=\"u6672-37\">En el caso de usar dispositivos m\u00f3viles para visitar nuestro sitio web:<\/p><p>\u2014 iOS: el usuario puede obtener informaci\u00f3n sobre c\u00f3mo bloquear el uso de cookies y eliminarlas en Opera Mini haciendo clic\u00a0<a href=\"http:\/\/www.opera.com\/es-419\/help\/mini\/ios\" target=\"_blank\" rel=\"noopener noreferrer nofollow\">aqu\u00ed<\/a>, en Safari\u00a0<a href=\"https:\/\/support.apple.com\/es-es\/HT201265\" target=\"_blank\" rel=\"noopener noreferrer nofollow\">aqu\u00ed<\/a>\u00a0y en Google Chrome\u00a0<a href=\"https:\/\/support.google.com\/chrome\/answer\/2392709?hl=es\" target=\"_blank\" rel=\"noopener noreferrer nofollow\">aqu\u00ed<\/a>.<\/p><p>\u2014 Android:\u00a0El usuario puede obtener informaci\u00f3n sobre c\u00f3mo bloquear el uso de cookies y eliminarlas en Mozilla Firefox haciendo clic\u00a0<a href=\"https:\/\/support.mozilla.org\/es\/kb\/habilitar-o-deshabilitar-cookies-en-firefox-para-android\" target=\"_blank\" rel=\"noopener noreferrer nofollow\">aqu\u00ed<\/a>\u00a0y en Google Chrome\u00a0<a href=\"https:\/\/support.google.com\/chrome\/answer\/2392709?hl=es\" target=\"_blank\" rel=\"noopener noreferrer nofollow\">aqu\u00ed.<\/a><\/p><p>\u2014 Windows Phone 7:\u00a0El usuario puede obtener informaci\u00f3n sobre c\u00f3mo bloquear el uso de cookies y eliminarlas haciendo clic\u00a0<a href=\"http:\/\/www.windowsphone.com\/es-es\/how-to\/wp7\/web\/changing-privacy-and-other-browser-settings\" target=\"_blank\" rel=\"noopener noreferrer nofollow\">aqu\u00ed<\/a>.<\/p><p id=\"u6672-39\">Igualmente, a trav\u00e9s de\u00a0<a href=\"\/en\/www.naturalcapitalfactory.es\/\" target=\"_blank\" rel=\"noopener noreferrer nofollow\">www.naturalacapitalfactory.es<\/a>\u00a0puede acceder a servicios prestados por terceros, especialmente, a redes sociales en las que aquellas utilizan sus datos de identificaci\u00f3n para compartir diferentes contenidos. Puede acceder a trav\u00e9s de la presente p\u00e1gina web a diferentes plataformas sociales, tales como Twitter; Linkedin y Facebook.<\/p><p><a href=\"\/en\/www.naturalcapitalfactory.es\/\" target=\"_blank\" rel=\"noopener noreferrer nofollow\">www.naturalcapitalfactory.es<\/a>\u00a0le informar\u00e1 sobre la privacidad y recabaci\u00f3n de cookies en las descargas e instalaci\u00f3n de apps.<\/p><p><a href=\"\/en\/www.naturalcapitalfactory.es\/\" target=\"_blank\" rel=\"noopener noreferrer nofollow\">www.naturalcapitalfactory.es<\/a>\u00a0no se har\u00e1 responsable del uso y utilizaci\u00f3n de cookies que terceros efect\u00faen fuera de los servicios ofrecidos por\u00a0<a href=\"\/en\/www.naturalcapitalfactory.es\/\" target=\"_blank\" rel=\"noopener noreferrer nofollow\">www.naturalcapitalfactory.es<\/a>, por lo que sugerimos que acceda a los enlaces informativos que insertamos a trav\u00e9s del presente contenido. Para cualquier duda, aclaraci\u00f3n o sugerencia al respecto de las cookies, rogamos que se pongan en contacto a trav\u00e9s del correo electr\u00f3nico\u00a0<a href=\"mailto:info@naturalcapitalfactory.es\">info@naturalcapitalfactory.com<\/a>. La informaci\u00f3n proporcionada puede sufrir modificaciones debidas a actualizaciones o cambios en la pol\u00edtica de tratamiento de cookies. Asimismo, la Agencia Espa\u00f1ola de Protecci\u00f3n de Datos pudiera dictar instrucciones o recomendaciones que hicieran variar dicha pol\u00edtica.<br \/><br \/><\/p><\/div><\/div><div class=\"elementor-widget-container\"><h5 class=\"elementor-heading-title elementor-size-default\">Enlaces a otras p\u00e1ginas web<br \/><br \/><\/h5><\/div><div class=\"elementor-widget-container\"><p>Nuestro sitio web contiene enlaces a informaci\u00f3n y sitios web de otras organizaciones. Natural Capital Factory no es responsable de la informaci\u00f3n o las actividades de otras organizaciones, incluso si se accede a trav\u00e9s de nuestro sitio web. Recomendamos que revise la pol\u00edtica de privacidad de los sitios web que visita que est\u00e1n vinculados a trav\u00e9s de la p\u00e1gina web del Natural Capital Factory.<br \/><br \/><\/p><\/div><div class=\"elementor-widget-container\"><h5 class=\"elementor-heading-title elementor-size-default\">Registro de informaci\u00f3n a trav\u00e9s de la web\u200b<br \/><br \/><br \/><\/h5><\/div><div class=\"elementor-element elementor-element-ffec75a elementor-widget elementor-widget-text-editor\" data-id=\"ffec75a\" data-element_type=\"widget\" data-widget_type=\"text-editor.default\"><div class=\"elementor-widget-container\"><p>Natural Capital Factory utiliza Google Analytics para ayudar a mejorar el compromiso y las experiencias de los usuarios en nuestro sitio web. Utilizamos datos an\u00f3nimos para comprender c\u00f3mo los visitantes de nuestra p\u00e1gina web utilizan el sitio, entre ellos, el contenido que buscan, los pa\u00edses desde los que nos visitan, el idioma que usan y el dispositivo que utilizan para visitar nuestra web. Toda esta informaci\u00f3n nos permite garantizar que nuestro sitio web siga siendo relevante para aquellos interesados en los temas que abordamos, como capital natural, biodiversidad, sostenibilidad, servicios ecosist\u00e9micos, finanzas sostenibles, objetivos basados en la ciencia, entre otros.<\/p><p>Para optar por no ser rastreado por Google Analytics en todos los sitios web, visite\u00a0<a href=\"http:\/\/tools.google.com\/dlpage\/gaoptout\" target=\"_blank\" rel=\"noopener noreferrer nofollow\">http:\/\/tools.google.com\/dlpage\/gaoptout<\/a>.<\/p><\/div><\/div>\t\t\t\t\t\t\t\t<\/div>\n\t\t\t\t<\/div>\n\t\t\t\t\t<\/div>\n\t\t\t\t<\/div>\n\t\t\t\t<\/div>","protected":false},"excerpt":{"rendered":"<p>Pol\u00edtica de cookies De conformidad con el Real Decreto Ley 13\/2012 y su afectaci\u00f3n en el art\u00edculo 22.2 de la Ley de Servicios de la Sociedad de la Informaci\u00f3n y Comercio Electr\u00f3nico, la presente p\u00e1gina web recaba cookies de navegaci\u00f3n \u2014peque\u00f1os archivos que contienen una serie de caracteres que se env\u00edan a su explorador desde [&hellip;]<\/p>","protected":false},"author":2,"featured_media":0,"parent":0,"menu_order":0,"comment_status":"closed","ping_status":"closed","template":"","meta":{"footnotes":""},"class_list":["post-1701","page","type-page","status-publish","hentry"],"_links":{"self":[{"href":"https:\/\/naturalcapitalfactory.es\/en\/wp-json\/wp\/v2\/pages\/1701","targetHints":{"allow":["GET"]}}],"collection":[{"href":"https:\/\/naturalcapitalfactory.es\/en\/wp-json\/wp\/v2\/pages"}],"about":[{"href":"https:\/\/naturalcapitalfactory.es\/en\/wp-json\/wp\/v2\/types\/page"}],"author":[{"embeddable":true,"href":"https:\/\/naturalcapitalfactory.es\/en\/wp-json\/wp\/v2\/users\/2"}],"replies":[{"embeddable":true,"href":"https:\/\/naturalcapitalfactory.es\/en\/wp-json\/wp\/v2\/comments?post=1701"}],"version-history":[{"count":4,"href":"https:\/\/naturalcapitalfactory.es\/en\/wp-json\/wp\/v2\/pages\/1701\/revisions"}],"predecessor-version":[{"id":1705,"href":"https:\/\/naturalcapitalfactory.es\/en\/wp-json\/wp\/v2\/pages\/1701\/revisions\/1705"}],"wp:attachment":[{"href":"https:\/\/naturalcapitalfactory.es\/en\/wp-json\/wp\/v2\/media?parent=1701"}],"curies":[{"name":"wp","href":"https:\/\/api.w.org\/{rel}","templated":true}]}}